{"id":2818,"date":"2025-05-09T12:54:26","date_gmt":"2025-05-09T17:54:26","guid":{"rendered":"https:\/\/dccreditunion.kinsta.cloud\/?page_id=2818"},"modified":"2025-10-24T14:28:17","modified_gmt":"2025-10-24T19:28:17","slug":"la-historia-de-sherry","status":"publish","type":"page","link":"https:\/\/www.dccreditunion.coop\/es\/historias-de-miembros\/la-historia-de-sherry\/","title":{"rendered":"La historia de Sherry"},"content":{"rendered":"<div class=\"co-flex_row co-flex_row__white co-flex_row__member-story-hero\" ><div class=\"co-flex_row--row co-row\">\n\t<header class=\"co-msHero co-msHero--bg_teal\" aria-label=\"Encabezado: La historia de Sherry\">\n\t\t<div class=\"prow gap:0\">\n\t\t\t<div class=\"pcol-md:6 co-msHero--text\">\n\t\t\t\t<h1 class=\"co-msHero--title\">\n\t\t\t\t\t<svg class=\"icon-svg\" viewbox=\"0 0 62 58\">\n\t\t\t\t\t\t<use xlink:href=\"https:\/\/www.dccreditunion.coop\/wp-content\/themes\/dccu-theme\/images\/sprite-icons.svg?v=1773336553#star-small\" \/>\n\t\t\t\t\t<\/svg>\n\t\t\t\t\tLa historia de Sherry\t\t\t\t\t<svg class=\"icon-svg\" viewbox=\"0 0 62 58\">\n\t\t\t\t\t\t<use xlink:href=\"https:\/\/www.dccreditunion.coop\/wp-content\/themes\/dccu-theme\/images\/sprite-icons.svg?v=1773336553#star-small\" \/>\n\t\t\t\t\t<\/svg>\n\t\t\t\t<\/h1>\n\t\t\t\t<div class=\"co-msHero--tagline text-component\"><p>A Sherry le encanta el servicio amable y profesional de DC Credit Union. La comodidad y el servicio al cliente son lo que la hace volver a DC Credit Union.<\/p>\n<\/div><button class=\"co-msHero--button gtm-button\" id=\"js-heroVideoButton\" data-video=\"https:\/\/vimeo.com\/278754289\">Ver v\u00eddeo<\/button>\t\t\t<\/div>\n\t\t\t<div class=\"pcol-md:6 co-msHero--media_wrap\">\n\t\t\t\t<div class=\"co-msHero--cover\" id=\"js-heroVideoImage\"><img loading=\"lazy\" decoding=\"async\" width=\"538\" height=\"360\" src=\"https:\/\/www.dccreditunion.coop\/files\/Member_Template_Jeanetta-Johnson_23-2-538x360-1.jpg\" class=\"co-msHero--image\" alt=\"Imagen de la historia de Sherry\" srcset=\"https:\/\/www.dccreditunion.coop\/files\/Member_Template_Jeanetta-Johnson_23-2-538x360-1.jpg 538w, https:\/\/www.dccreditunion.coop\/files\/Member_Template_Jeanetta-Johnson_23-2-538x360-1-18x12.jpg 18w, https:\/\/www.dccreditunion.coop\/files\/Member_Template_Jeanetta-Johnson_23-2-538x360-1-396x265.jpg 396w, https:\/\/www.dccreditunion.coop\/files\/Member_Template_Jeanetta-Johnson_23-2-538x360-1-75x50.jpg 75w\" sizes=\"auto, (max-width: 538px) 100vw, 538px\" \/><\/div><div class=\"co-msHero--video\" id=\"js-heroVideoWrap\"><iframe loading=\"lazy\" title=\"5. Sherry Tillman wNameLogo 2\" src=\"https:\/\/player.vimeo.com\/video\/278754289?dnt=1&amp;app_id=122963\" width=\"1024\" height=\"576\" frameborder=\"0\" allow=\"autoplay; fullscreen; picture-in-picture; clipboard-write; encrypted-media; web-share\" referrerpolicy=\"strict-origin-when-cross-origin\"><\/iframe><\/div>\t\t\t<\/div>\n\t\t<\/div>\n\t<\/header>\n<\/div><\/div>\n\n<div class=\"co-flex_row co-flex_row__white co-flex_row__brand-statement\" ><div class=\"co-flex_row--row co-row\"><div class=\"co-brandStatement\">\n\t<div class=\"prow items-center gap:0\">\n\t\t<div class=\"pcol-md:2\">\n\t\t\t<svg class=\"icon-svg\" viewbox=\"0 0 62 58\">\n\t\t\t\t<use xlink:href=\"https:\/\/www.dccreditunion.coop\/wp-content\/themes\/dccu-theme\/images\/sprite-icons.svg?v=1773336553#star-small\" \/>\n\t\t\t<\/svg>\n\t\t<\/div>\n\t\t<div class=\"pcol-md:10\">\n\t\t\t<div class=\"co-brandStatement--text text-component\"><p>Ahorrando un fondo para su futuro con la ayuda de DC Credit Union.<\/p>\n<\/div>\t\t<\/div>\n\t<\/div>\n<\/div>\n<\/div><\/div>\n\n<div class=\"co-flex_row co-flex_row__white co-flex_row__next_row_diff co-flex_row__long-form-text\" ><div class=\"co-flex_row--row co-row\">\t<div class=\"co-long_form\">\n\t\t\t\t\t<div class=\"co-long_form--block prow items-start justify-center\">\n\t\t\t\t<div class=\"co-long_form--text pcol-md:7\">\n\t\t\t\t\t<div class=\"co-long_form--content text-component\"><h2 style=\"font-size:2rem;\">\u201cMe gustan los productos, me gusta la conveniencia y los servicios asociados con tener una cuenta en DC Credit Union\u201d.<\/h2>\n<\/div>\t\t\t\t<\/div>\n\t\t\t\t\t\t\t\t\t<div class=\"co-long_form--media pcol-md:5\">\n\t\t\t\t\t\t<img loading=\"lazy\" decoding=\"async\" width=\"540\" height=\"350\" src=\"https:\/\/www.dccreditunion.coop\/files\/sherry-540x350.jpg\" class=\"co-long_form--image\" alt=\"Historia de un miembro de Sherry\" srcset=\"https:\/\/www.dccreditunion.coop\/files\/sherry-540x350.jpg 540w, https:\/\/www.dccreditunion.coop\/files\/sherry-18x12.jpg 18w, https:\/\/www.dccreditunion.coop\/files\/sherry-396x256.jpg 396w, https:\/\/www.dccreditunion.coop\/files\/sherry-75x49.jpg 75w, https:\/\/www.dccreditunion.coop\/files\/sherry.jpg 556w\" sizes=\"auto, (max-width: 540px) 100vw, 540px\" \/>\t\t\t\t\t<\/div>\n\t\t\t\t\t\t\t<\/div>\n\t\t\t\t<\/div>\n<\/div><\/div>\n\n<div class=\"co-flex_row co-flex_row__gray co-flex_row__next_row_diff co-flex_row__columns\" ><div class=\"co-flex_row--row co-row\">\t<div class=\"co-columns\">\n\t\t\t\t\t<div class=\"co-columns--row prow prow-md:2 prow-lg:2 co-columns--row__none justify-center\">\n\t\t\t\t\t\t\t\t\t<div class=\"co-columns--box\">\n\t\t\t\t\t\t<div class=\"co-columns--box_desc text-component\"><p>El primer contacto de Sherry con DC Credit Union fue cuando representantes de la cooperativa de cr\u00e9dito fueron a visitar a su empleador para informarles sobre los productos y servicios que ofrecen a los empleados de la agencia.<\/p>\n<p>En ese momento, Sherry dudaba entre abrir una cuenta de ahorros en un banco o en la cooperativa de cr\u00e9dito. Tras hablar con un empleado de la Cooperativa de Cr\u00e9dito DC y enterarse de lo que la cooperativa pod\u00eda ofrecer, decidi\u00f3 abrir una cuenta con la Cooperativa de Cr\u00e9dito DC.<\/p>\n<p>Est\u00e1 muy contenta con su decisi\u00f3n. Abrir sus cuentas corrientes y de ahorro le ha permitido empezar a ahorrar, algo muy importante para ella. Al empezar a ahorrar cada mes, Sherry ha creado un peque\u00f1o fondo de ahorro.<\/p>\n<p>\u201cMe siento bien con los ahorros que estoy logrando\u201d, dice Sherry. \u201cLa comodidad me permite seguir ahorrando. El personal, sus productos\u2026 todo es excelente\u201d.<\/p>\n<p>Seg\u00fan Sherry, a medida que envejezca, tiene la intenci\u00f3n de seguir ahorrando en la cooperativa de cr\u00e9dito para poder tener una buena cantidad de ahorros para su jubilaci\u00f3n.<\/p>\n<\/div><div class=\"co-columns--box_button\"><\/div>\t\t\t\t\t<\/div>\n\t\t\t\t\t\t\t\t\t<div class=\"co-columns--box\">\n\t\t\t\t\t\t<div class=\"co-columns--box_desc text-component\"><p><strong>Recomendaciones de Sherry para ahorrar para la jubilaci\u00f3n:<\/strong><\/p>\n<ul>\n<li>Empieza a ahorrar ya. Aunque solo puedas ahorrar una peque\u00f1a cantidad cada mes, \u00a1an\u00edmate!<\/li>\n<li><a href=\"https:\/\/www.dccreditunion.coop\/es\/personal\/ahorros\/\">Comience con una cuenta de ahorros de DC Credit Union<\/a><\/li>\n<li>Un\u00a0<a href=\"https:\/\/www.dccreditunion.coop\/es\/personal\/ahorros\/\">IRA (Cuenta de Jubilaci\u00f3n Independiente)<\/a>\u00a0Es una excelente manera de ahorrar para la jubilaci\u00f3n.<\/li>\n<li>Configuraci\u00f3n\u00a0<a href=\"https:\/\/www.dccreditunion.coop\/es\/personal\/banca-en-linea\/\">dep\u00f3sito directo o distribuci\u00f3n de n\u00f3mina<\/a>\u00a0para que ahorrar sea a\u00fan m\u00e1s f\u00e1cil.<\/li>\n<\/ul>\n<\/div><div class=\"co-columns--box_button\"><\/div>\t\t\t\t\t<\/div>\n\t\t\t\t\t\t\t<\/div>\n\t\t\t\t<\/div>\n<\/div><\/div>\n\n<div class=\"co-flex_row co-flex_row__white co-flex_row__last co-flex_row__single-path-cta\" ><div class=\"co-flex_row--row co-row\">\t<div class=\"co-sp_cta\">\n\t\t<h2 class=\"co-sp_cta--headline\">\u00bfInspirado por el viaje de Sherry?<\/h2><a class=\"co-sp_cta--button gtm-button\" href=\"https:\/\/www.dccreditunion.coop\/es\/historias-de-miembros\/\"  >Leer m\u00e1s historias<\/a>\t<\/div>\n<\/div><\/div>","protected":false},"excerpt":{"rendered":"","protected":false},"author":11,"featured_media":0,"parent":2508,"menu_order":0,"comment_status":"closed","ping_status":"closed","template":"","meta":{"_acf_changed":false,"_searchwp_excluded":"","footnotes":""},"class_list":["post-2818","page","type-page","status-publish","hentry"],"acf":[],"yoast_head":"<!-- This site is optimized with the Yoast SEO plugin v27.2 - https:\/\/yoast.com\/product\/yoast-seo-wordpress\/ -->\n<title>Sherry&#039;s Story - DC Credit Union<\/title>\n<meta name=\"robots\" content=\"index, follow, max-snippet:-1, max-image-preview:large, max-video-preview:-1\" \/>\n<link rel=\"canonical\" href=\"https:\/\/www.dccreditunion.coop\/es\/historias-de-miembros\/la-historia-de-sherry\/\" \/>\n<meta property=\"og:locale\" content=\"es_ES\" \/>\n<meta property=\"og:type\" content=\"article\" \/>\n<meta property=\"og:title\" content=\"Sherry&#039;s Story - DC Credit Union\" \/>\n<meta property=\"og:url\" content=\"https:\/\/www.dccreditunion.coop\/es\/historias-de-miembros\/la-historia-de-sherry\/\" \/>\n<meta property=\"og:site_name\" content=\"DC Credit Union\" \/>\n<meta property=\"article:modified_time\" content=\"2025-10-24T19:28:17+00:00\" \/>\n<meta name=\"twitter:card\" content=\"summary_large_image\" \/>\n<script type=\"application\/ld+json\" class=\"yoast-schema-graph\">{\"@context\":\"https:\/\/schema.org\",\"@graph\":[{\"@type\":\"WebPage\",\"@id\":\"https:\/\/www.dccreditunion.coop\/member-stories\/sherrys-story\/\",\"url\":\"https:\/\/www.dccreditunion.coop\/member-stories\/sherrys-story\/\",\"name\":\"Sherry's Story - DC Credit Union\",\"isPartOf\":{\"@id\":\"https:\/\/www.dccreditunion.coop\/#website\"},\"datePublished\":\"2025-05-09T17:54:26+00:00\",\"dateModified\":\"2025-10-24T19:28:17+00:00\",\"breadcrumb\":{\"@id\":\"https:\/\/www.dccreditunion.coop\/member-stories\/sherrys-story\/#breadcrumb\"},\"inLanguage\":\"es-ES\",\"potentialAction\":[{\"@type\":\"ReadAction\",\"target\":[\"https:\/\/www.dccreditunion.coop\/member-stories\/sherrys-story\/\"]}]},{\"@type\":\"BreadcrumbList\",\"@id\":\"https:\/\/www.dccreditunion.coop\/member-stories\/sherrys-story\/#breadcrumb\",\"itemListElement\":[{\"@type\":\"ListItem\",\"position\":1,\"name\":\"Home\",\"item\":\"https:\/\/www.dccreditunion.coop\/\"},{\"@type\":\"ListItem\",\"position\":2,\"name\":\"Member Stories\",\"item\":\"https:\/\/www.dccreditunion.coop\/member-stories\/\"},{\"@type\":\"ListItem\",\"position\":3,\"name\":\"Sherry&#8217;s Story\"}]},{\"@type\":\"WebSite\",\"@id\":\"https:\/\/www.dccreditunion.coop\/#website\",\"url\":\"https:\/\/www.dccreditunion.coop\/\",\"name\":\"DC Credit Union\",\"description\":\"We&#039;re DC&#039;s Credit Union\",\"potentialAction\":[{\"@type\":\"SearchAction\",\"target\":{\"@type\":\"EntryPoint\",\"urlTemplate\":\"https:\/\/www.dccreditunion.coop\/?s={search_term_string}\"},\"query-input\":{\"@type\":\"PropertyValueSpecification\",\"valueRequired\":true,\"valueName\":\"search_term_string\"}}],\"inLanguage\":\"es-ES\"}]}<\/script>\n<!-- \/ Yoast SEO plugin. -->","yoast_head_json":{"title":"La historia de Sherry - Cooperativa de Cr\u00e9dito DC","robots":{"index":"index","follow":"follow","max-snippet":"max-snippet:-1","max-image-preview":"max-image-preview:large","max-video-preview":"max-video-preview:-1"},"canonical":"https:\/\/www.dccreditunion.coop\/es\/historias-de-miembros\/la-historia-de-sherry\/","og_locale":"es_ES","og_type":"article","og_title":"Sherry's Story - DC Credit Union","og_url":"https:\/\/www.dccreditunion.coop\/es\/historias-de-miembros\/la-historia-de-sherry\/","og_site_name":"DC Credit Union","article_modified_time":"2025-10-24T19:28:17+00:00","twitter_card":"summary_large_image","schema":{"@context":"https:\/\/schema.org","@graph":[{"@type":"WebPage","@id":"https:\/\/www.dccreditunion.coop\/member-stories\/sherrys-story\/","url":"https:\/\/www.dccreditunion.coop\/member-stories\/sherrys-story\/","name":"La historia de Sherry - Cooperativa de Cr\u00e9dito DC","isPartOf":{"@id":"https:\/\/www.dccreditunion.coop\/#website"},"datePublished":"2025-05-09T17:54:26+00:00","dateModified":"2025-10-24T19:28:17+00:00","breadcrumb":{"@id":"https:\/\/www.dccreditunion.coop\/member-stories\/sherrys-story\/#breadcrumb"},"inLanguage":"es-ES","potentialAction":[{"@type":"ReadAction","target":["https:\/\/www.dccreditunion.coop\/member-stories\/sherrys-story\/"]}]},{"@type":"BreadcrumbList","@id":"https:\/\/www.dccreditunion.coop\/member-stories\/sherrys-story\/#breadcrumb","itemListElement":[{"@type":"ListItem","position":1,"name":"Home","item":"https:\/\/www.dccreditunion.coop\/"},{"@type":"ListItem","position":2,"name":"Member Stories","item":"https:\/\/www.dccreditunion.coop\/member-stories\/"},{"@type":"ListItem","position":3,"name":"Sherry&#8217;s Story"}]},{"@type":"WebSite","@id":"https:\/\/www.dccreditunion.coop\/#website","url":"https:\/\/www.dccreditunion.coop\/","name":"Cooperativa de cr\u00e9dito de DC","description":"Somos la cooperativa de cr\u00e9dito de DC","potentialAction":[{"@type":"SearchAction","target":{"@type":"EntryPoint","urlTemplate":"https:\/\/www.dccreditunion.coop\/?s={search_term_string}"},"query-input":{"@type":"PropertyValueSpecification","valueRequired":true,"valueName":"search_term_string"}}],"inLanguage":"es-ES"}]}},"_links":{"self":[{"href":"https:\/\/www.dccreditunion.coop\/es\/wp-json\/wp\/v2\/pages\/2818","targetHints":{"allow":["GET"]}}],"collection":[{"href":"https:\/\/www.dccreditunion.coop\/es\/wp-json\/wp\/v2\/pages"}],"about":[{"href":"https:\/\/www.dccreditunion.coop\/es\/wp-json\/wp\/v2\/types\/page"}],"author":[{"embeddable":true,"href":"https:\/\/www.dccreditunion.coop\/es\/wp-json\/wp\/v2\/users\/11"}],"replies":[{"embeddable":true,"href":"https:\/\/www.dccreditunion.coop\/es\/wp-json\/wp\/v2\/comments?post=2818"}],"version-history":[{"count":3,"href":"https:\/\/www.dccreditunion.coop\/es\/wp-json\/wp\/v2\/pages\/2818\/revisions"}],"predecessor-version":[{"id":3213,"href":"https:\/\/www.dccreditunion.coop\/es\/wp-json\/wp\/v2\/pages\/2818\/revisions\/3213"}],"up":[{"embeddable":true,"href":"https:\/\/www.dccreditunion.coop\/es\/wp-json\/wp\/v2\/pages\/2508"}],"wp:attachment":[{"href":"https:\/\/www.dccreditunion.coop\/es\/wp-json\/wp\/v2\/media?parent=2818"}],"curies":[{"name":"wp","href":"https:\/\/api.w.org\/{rel}","templated":true}]}}