{"id":2813,"date":"2025-05-09T07:02:48","date_gmt":"2025-05-09T12:02:48","guid":{"rendered":"https:\/\/dccreditunion.kinsta.cloud\/?page_id=2813"},"modified":"2025-10-24T14:27:44","modified_gmt":"2025-10-24T19:27:44","slug":"marca-la-historia","status":"publish","type":"page","link":"https:\/\/www.dccreditunion.coop\/es\/historias-de-miembros\/marca-la-historia\/","title":{"rendered":"La historia de Mark"},"content":{"rendered":"<div class=\"co-flex_row co-flex_row__white co-flex_row__member-story-hero\" ><div class=\"co-flex_row--row co-row\">\n\t<header class=\"co-msHero co-msHero--bg_teal\" aria-label=\"Encabezado: La historia de Mark\">\n\t\t<div class=\"prow gap:0\">\n\t\t\t<div class=\"pcol-md:6 co-msHero--text\">\n\t\t\t\t<h1 class=\"co-msHero--title\">\n\t\t\t\t\t<svg class=\"icon-svg\" viewbox=\"0 0 62 58\">\n\t\t\t\t\t\t<use xlink:href=\"https:\/\/www.dccreditunion.coop\/wp-content\/themes\/dccu-theme\/images\/sprite-icons.svg?v=1773336553#star-small\" \/>\n\t\t\t\t\t<\/svg>\n\t\t\t\t\tLa historia de Mark\t\t\t\t\t<svg class=\"icon-svg\" viewbox=\"0 0 62 58\">\n\t\t\t\t\t\t<use xlink:href=\"https:\/\/www.dccreditunion.coop\/wp-content\/themes\/dccu-theme\/images\/sprite-icons.svg?v=1773336553#star-small\" \/>\n\t\t\t\t\t<\/svg>\n\t\t\t\t<\/h1>\n\t\t\t\t<div class=\"co-msHero--tagline text-component\"><p>Mark cree que DC Credit Union le ha abierto puertas. Le encanta lo f\u00e1cil que le resulta ahorrar para el futuro.<\/p>\n<\/div><button class=\"co-msHero--button gtm-button\" id=\"js-heroVideoButton\" data-video=\"https:\/\/vimeo.com\/278754283\">Ver v\u00eddeo<\/button>\t\t\t<\/div>\n\t\t\t<div class=\"pcol-md:6 co-msHero--media_wrap\">\n\t\t\t\t<div class=\"co-msHero--cover\" id=\"js-heroVideoImage\"><img loading=\"lazy\" decoding=\"async\" width=\"640\" height=\"410\" src=\"https:\/\/www.dccreditunion.coop\/files\/MemberStoryFlex_Mark-A-Armstrong_07a.jpg\" class=\"co-msHero--image\" alt=\"Conozca a Mark Historia de miembro\" srcset=\"https:\/\/www.dccreditunion.coop\/files\/MemberStoryFlex_Mark-A-Armstrong_07a.jpg 640w, https:\/\/www.dccreditunion.coop\/files\/MemberStoryFlex_Mark-A-Armstrong_07a-540x346.jpg 540w, https:\/\/www.dccreditunion.coop\/files\/MemberStoryFlex_Mark-A-Armstrong_07a-18x12.jpg 18w, https:\/\/www.dccreditunion.coop\/files\/MemberStoryFlex_Mark-A-Armstrong_07a-396x254.jpg 396w, https:\/\/www.dccreditunion.coop\/files\/MemberStoryFlex_Mark-A-Armstrong_07a-75x48.jpg 75w\" sizes=\"auto, (max-width: 640px) 100vw, 640px\" \/><\/div><div class=\"co-msHero--video\" id=\"js-heroVideoWrap\"><iframe loading=\"lazy\" title=\"4. Mark Armstrong wNombreLogotipo\" src=\"https:\/\/player.vimeo.com\/video\/278754283?dnt=1&amp;app_id=122963\" width=\"1024\" height=\"576\" frameborder=\"0\" allow=\"autoplay; fullscreen; picture-in-picture; clipboard-write; encrypted-media; web-share\" referrerpolicy=\"strict-origin-when-cross-origin\"><\/iframe><\/div>\t\t\t<\/div>\n\t\t<\/div>\n\t<\/header>\n<\/div><\/div>\n\n<div class=\"co-flex_row co-flex_row__white co-flex_row__brand-statement\" ><div class=\"co-flex_row--row co-row\"><div class=\"co-brandStatement\">\n\t<div class=\"prow items-center gap:0\">\n\t\t<div class=\"pcol-md:2\">\n\t\t\t<svg class=\"icon-svg\" viewbox=\"0 0 62 58\">\n\t\t\t\t<use xlink:href=\"https:\/\/www.dccreditunion.coop\/wp-content\/themes\/dccu-theme\/images\/sprite-icons.svg?v=1773336553#star-small\" \/>\n\t\t\t<\/svg>\n\t\t<\/div>\n\t\t<div class=\"pcol-md:10\">\n\t\t\t<div class=\"co-brandStatement--text text-component\"><p>Bailar\u00edn y actor muy viajero, regres\u00f3 a DC y encontr\u00f3 un entorno bancario c\u00e1lido y acogedor cerca de casa.<\/p>\n<\/div>\t\t<\/div>\n\t<\/div>\n<\/div>\n<\/div><\/div>\n\n<div class=\"co-flex_row co-flex_row__white co-flex_row__next_row_diff co-flex_row__long-form-text\" ><div class=\"co-flex_row--row co-row\">\t<div class=\"co-long_form\">\n\t\t\t\t\t<div class=\"co-long_form--block prow items-start justify-center\">\n\t\t\t\t<div class=\"co-long_form--text pcol-md:7\">\n\t\t\t\t\t<div class=\"co-long_form--content text-component\"><h2 style=\"font-size:2rem;\">Estar con la cooperativa de cr\u00e9dito me ha abierto las puertas. Me siento fant\u00e1stico de formar parte de la cooperativa de cr\u00e9dito federal de DC. Me encanta, y me ha permitido ahorrar dinero y conservarlo al m\u00e1ximo.<\/h2>\n<\/div>\t\t\t\t<\/div>\n\t\t\t\t\t\t\t\t\t<div class=\"co-long_form--media pcol-md:5\">\n\t\t\t\t\t\t<img loading=\"lazy\" decoding=\"async\" width=\"540\" height=\"350\" src=\"https:\/\/www.dccreditunion.coop\/files\/mark-540x350.jpg\" class=\"co-long_form--image\" alt=\"La historia de Mark\" srcset=\"https:\/\/www.dccreditunion.coop\/files\/mark-540x350.jpg 540w, https:\/\/www.dccreditunion.coop\/files\/mark-18x12.jpg 18w, https:\/\/www.dccreditunion.coop\/files\/mark-396x256.jpg 396w, https:\/\/www.dccreditunion.coop\/files\/mark-75x49.jpg 75w, https:\/\/www.dccreditunion.coop\/files\/mark.jpg 556w\" sizes=\"auto, (max-width: 540px) 100vw, 540px\" \/>\t\t\t\t\t<\/div>\n\t\t\t\t\t\t\t<\/div>\n\t\t\t\t<\/div>\n<\/div><\/div>\n\n<div class=\"co-flex_row co-flex_row__gray co-flex_row__next_row_diff co-flex_row__columns\" ><div class=\"co-flex_row--row co-row\">\t<div class=\"co-columns\">\n\t\t\t\t\t<div class=\"co-columns--row prow prow-md:2 prow-lg:2 co-columns--row__none justify-center\">\n\t\t\t\t\t\t\t\t\t<div class=\"co-columns--box\">\n\t\t\t\t\t\t<div class=\"co-columns--box_desc text-component\"><p>Mark es de Washington, D. C. y pasaba los veranos en el campo. Durante la universidad, se mud\u00f3 a Utah para terminar sus estudios y obtener la certificaci\u00f3n de panadero. Luego, su vida se orient\u00f3 hacia las artes, con un t\u00edtulo en artes y una larga y fruct\u00edfera carrera en danza y actuaci\u00f3n en Hollywood. Recientemente, regres\u00f3 a su ciudad natal, D. C., y se uni\u00f3 a la Cooperativa de Cr\u00e9dito de D. C.<\/p>\n<p>Anteriormente hab\u00eda trabajado en un banco grande, pero quer\u00eda volver a unirse a una cooperativa de cr\u00e9dito. &quot;Quer\u00eda que mis operaciones bancarias fueran locales, m\u00e1s cercanas, y DC Credit Union es uno de los lugares donde s\u00e9 que puedo ir y ahorrar donde quiero: cerca de casa&quot;.<\/p>\n<p>Hasta ahora, a Mark le ha encantado su experiencia con la cooperativa de cr\u00e9dito. &quot;Estar con la cooperativa me ha abierto las puertas&quot;, dice Mark. &quot;Me siento fant\u00e1stico de formar parte de la cooperativa de cr\u00e9dito federal de DC. Me encanta, y me ha permitido ahorrar dinero y conservarlo al m\u00e1ximo&quot;.<\/p>\n<p>El entusiasmo con el que Mark afronta la vida se refleja en su membres\u00eda en la cooperativa de cr\u00e9dito. &quot;Lo que me encanta de DC Credit Union es el fant\u00e1stico servicio que me brindan. Se preocupan por m\u00ed y los adoro. Entro con una sonrisa y me brindan un coraz\u00f3n c\u00e1lido y me invitan a volver a visitarlos&quot;.<\/p>\n<p>Mark est\u00e1 feliz de estar de vuelta en DC y planea ser socio a largo plazo. &quot;La Cooperativa de Cr\u00e9dito DC est\u00e1 cerca de casa. Creo que seguir\u00e9 con ella un buen tiempo. No creo que me vaya nunca&quot;.<\/p>\n<\/div><div class=\"co-columns--box_button\"><\/div>\t\t\t\t\t<\/div>\n\t\t\t\t\t\t\t\t\t<div class=\"co-columns--box\">\n\t\t\t\t\t\t<div class=\"co-columns--box_desc text-component\"><p><strong>Recomendaciones de Mark para comenzar a ser miembro:<\/strong><\/p>\n<ul>\n<li>Comience con un\u00a0<a href=\"https:\/\/www.dccreditunion.coop\/es\/personal\/de-cheques\/\">Cuenta corriente de DC Credit Union<\/a><\/li>\n<li>Usar\u00a0<a href=\"https:\/\/www.dccreditunion.coop\/es\/personal\/banca-en-linea\/\">banca en l\u00ednea<\/a>\u00a0para transferir fondos y pagar sus facturas en l\u00ednea.<\/li>\n<li>Comience a ahorrar dinero con un\u00a0<a href=\"https:\/\/www.dccreditunion.coop\/es\/ahorros\/\">Cuenta de ahorros de DC Credit Union<\/a>.<\/li>\n<li>Visita tu sucursal local y conoce al personal. \u00a1Est\u00e1n pendientes de ti!<\/li>\n<\/ul>\n<\/div><div class=\"co-columns--box_button\"><\/div>\t\t\t\t\t<\/div>\n\t\t\t\t\t\t\t<\/div>\n\t\t\t\t<\/div>\n<\/div><\/div>\n\n<div class=\"co-flex_row co-flex_row__white co-flex_row__last co-flex_row__single-path-cta\" ><div class=\"co-flex_row--row co-row\">\t<div class=\"co-sp_cta\">\n\t\t<h2 class=\"co-sp_cta--headline\">\u00bfInspirado por el viaje de Mark?<\/h2><a class=\"co-sp_cta--button gtm-button\" href=\"https:\/\/www.dccreditunion.coop\/es\/historias-de-miembros\/\"  >Leer m\u00e1s historias<\/a>\t<\/div>\n<\/div><\/div>","protected":false},"excerpt":{"rendered":"","protected":false},"author":11,"featured_media":0,"parent":2508,"menu_order":0,"comment_status":"closed","ping_status":"closed","template":"","meta":{"_acf_changed":false,"_searchwp_excluded":"","footnotes":""},"class_list":["post-2813","page","type-page","status-publish","hentry"],"acf":[],"yoast_head":"<!-- This site is optimized with the Yoast SEO plugin v27.2 - https:\/\/yoast.com\/product\/yoast-seo-wordpress\/ -->\n<title>Mark&#039;s Story - DC Credit Union<\/title>\n<meta name=\"robots\" content=\"index, follow, max-snippet:-1, max-image-preview:large, max-video-preview:-1\" \/>\n<link rel=\"canonical\" href=\"https:\/\/www.dccreditunion.coop\/es\/historias-de-miembros\/marca-la-historia\/\" \/>\n<meta property=\"og:locale\" content=\"es_ES\" \/>\n<meta property=\"og:type\" content=\"article\" \/>\n<meta property=\"og:title\" content=\"Mark&#039;s Story - DC Credit Union\" \/>\n<meta property=\"og:url\" content=\"https:\/\/www.dccreditunion.coop\/es\/historias-de-miembros\/marca-la-historia\/\" \/>\n<meta property=\"og:site_name\" content=\"DC Credit Union\" \/>\n<meta property=\"article:modified_time\" content=\"2025-10-24T19:27:44+00:00\" \/>\n<meta name=\"twitter:card\" content=\"summary_large_image\" \/>\n<script type=\"application\/ld+json\" class=\"yoast-schema-graph\">{\"@context\":\"https:\/\/schema.org\",\"@graph\":[{\"@type\":\"WebPage\",\"@id\":\"https:\/\/www.dccreditunion.coop\/member-stories\/marks-story\/\",\"url\":\"https:\/\/www.dccreditunion.coop\/member-stories\/marks-story\/\",\"name\":\"Mark's Story - DC Credit Union\",\"isPartOf\":{\"@id\":\"https:\/\/www.dccreditunion.coop\/#website\"},\"datePublished\":\"2025-05-09T12:02:48+00:00\",\"dateModified\":\"2025-10-24T19:27:44+00:00\",\"breadcrumb\":{\"@id\":\"https:\/\/www.dccreditunion.coop\/member-stories\/marks-story\/#breadcrumb\"},\"inLanguage\":\"es-ES\",\"potentialAction\":[{\"@type\":\"ReadAction\",\"target\":[\"https:\/\/www.dccreditunion.coop\/member-stories\/marks-story\/\"]}]},{\"@type\":\"BreadcrumbList\",\"@id\":\"https:\/\/www.dccreditunion.coop\/member-stories\/marks-story\/#breadcrumb\",\"itemListElement\":[{\"@type\":\"ListItem\",\"position\":1,\"name\":\"Home\",\"item\":\"https:\/\/www.dccreditunion.coop\/\"},{\"@type\":\"ListItem\",\"position\":2,\"name\":\"Member Stories\",\"item\":\"https:\/\/www.dccreditunion.coop\/member-stories\/\"},{\"@type\":\"ListItem\",\"position\":3,\"name\":\"Mark&#8217;s Story\"}]},{\"@type\":\"WebSite\",\"@id\":\"https:\/\/www.dccreditunion.coop\/#website\",\"url\":\"https:\/\/www.dccreditunion.coop\/\",\"name\":\"DC Credit Union\",\"description\":\"We&#039;re DC&#039;s Credit Union\",\"potentialAction\":[{\"@type\":\"SearchAction\",\"target\":{\"@type\":\"EntryPoint\",\"urlTemplate\":\"https:\/\/www.dccreditunion.coop\/?s={search_term_string}\"},\"query-input\":{\"@type\":\"PropertyValueSpecification\",\"valueRequired\":true,\"valueName\":\"search_term_string\"}}],\"inLanguage\":\"es-ES\"}]}<\/script>\n<!-- \/ Yoast SEO plugin. -->","yoast_head_json":{"title":"La historia de Mark - Cooperativa de Cr\u00e9dito DC","robots":{"index":"index","follow":"follow","max-snippet":"max-snippet:-1","max-image-preview":"max-image-preview:large","max-video-preview":"max-video-preview:-1"},"canonical":"https:\/\/www.dccreditunion.coop\/es\/historias-de-miembros\/marca-la-historia\/","og_locale":"es_ES","og_type":"article","og_title":"Mark's Story - DC Credit Union","og_url":"https:\/\/www.dccreditunion.coop\/es\/historias-de-miembros\/marca-la-historia\/","og_site_name":"DC Credit Union","article_modified_time":"2025-10-24T19:27:44+00:00","twitter_card":"summary_large_image","schema":{"@context":"https:\/\/schema.org","@graph":[{"@type":"WebPage","@id":"https:\/\/www.dccreditunion.coop\/member-stories\/marks-story\/","url":"https:\/\/www.dccreditunion.coop\/member-stories\/marks-story\/","name":"La historia de Mark - Cooperativa de Cr\u00e9dito DC","isPartOf":{"@id":"https:\/\/www.dccreditunion.coop\/#website"},"datePublished":"2025-05-09T12:02:48+00:00","dateModified":"2025-10-24T19:27:44+00:00","breadcrumb":{"@id":"https:\/\/www.dccreditunion.coop\/member-stories\/marks-story\/#breadcrumb"},"inLanguage":"es-ES","potentialAction":[{"@type":"ReadAction","target":["https:\/\/www.dccreditunion.coop\/member-stories\/marks-story\/"]}]},{"@type":"BreadcrumbList","@id":"https:\/\/www.dccreditunion.coop\/member-stories\/marks-story\/#breadcrumb","itemListElement":[{"@type":"ListItem","position":1,"name":"Home","item":"https:\/\/www.dccreditunion.coop\/"},{"@type":"ListItem","position":2,"name":"Member Stories","item":"https:\/\/www.dccreditunion.coop\/member-stories\/"},{"@type":"ListItem","position":3,"name":"Mark&#8217;s Story"}]},{"@type":"WebSite","@id":"https:\/\/www.dccreditunion.coop\/#website","url":"https:\/\/www.dccreditunion.coop\/","name":"Cooperativa de cr\u00e9dito de DC","description":"Somos la cooperativa de cr\u00e9dito de DC","potentialAction":[{"@type":"SearchAction","target":{"@type":"EntryPoint","urlTemplate":"https:\/\/www.dccreditunion.coop\/?s={search_term_string}"},"query-input":{"@type":"PropertyValueSpecification","valueRequired":true,"valueName":"search_term_string"}}],"inLanguage":"es-ES"}]}},"_links":{"self":[{"href":"https:\/\/www.dccreditunion.coop\/es\/wp-json\/wp\/v2\/pages\/2813","targetHints":{"allow":["GET"]}}],"collection":[{"href":"https:\/\/www.dccreditunion.coop\/es\/wp-json\/wp\/v2\/pages"}],"about":[{"href":"https:\/\/www.dccreditunion.coop\/es\/wp-json\/wp\/v2\/types\/page"}],"author":[{"embeddable":true,"href":"https:\/\/www.dccreditunion.coop\/es\/wp-json\/wp\/v2\/users\/11"}],"replies":[{"embeddable":true,"href":"https:\/\/www.dccreditunion.coop\/es\/wp-json\/wp\/v2\/comments?post=2813"}],"version-history":[{"count":3,"href":"https:\/\/www.dccreditunion.coop\/es\/wp-json\/wp\/v2\/pages\/2813\/revisions"}],"predecessor-version":[{"id":3212,"href":"https:\/\/www.dccreditunion.coop\/es\/wp-json\/wp\/v2\/pages\/2813\/revisions\/3212"}],"up":[{"embeddable":true,"href":"https:\/\/www.dccreditunion.coop\/es\/wp-json\/wp\/v2\/pages\/2508"}],"wp:attachment":[{"href":"https:\/\/www.dccreditunion.coop\/es\/wp-json\/wp\/v2\/media?parent=2813"}],"curies":[{"name":"wp","href":"https:\/\/api.w.org\/{rel}","templated":true}]}}