{"id":2542,"date":"2025-03-06T00:18:48","date_gmt":"2025-03-06T00:18:48","guid":{"rendered":"https:\/\/dccreditunion.kinsta.cloud\/learn-grow\/protect-yourself-from-fraud\/"},"modified":"2026-03-11T23:17:43","modified_gmt":"2026-03-12T04:17:43","slug":"protejase-del-fraude","status":"publish","type":"page","link":"https:\/\/www.dccreditunion.coop\/es\/aprender-crecer\/protejase-del-fraude\/","title":{"rendered":"Prot\u00e9jase del fraude"},"content":{"rendered":"<div class=\"co-flex_row co-flex_row__page-hero\" ><div class=\"co-flex_row--row co-row\">\t<header class=\"co-page_hero co-page_hero--bg_teal co-page_hero__has_image display-img-desktop display-img-mobile\" aria-label=\"Encabezado: Prot\u00e9jase del fraude\">\n\t\t<div class=\"co-page_hero--inner\">\n\t\t\t\t\t\t<div class=\"co-page_hero--grid\">\n\t\t\t\t<div class=\"co-page_hero--text\">\n\t\t\t\t\t<div class=\"co-page_hero--text_inner\">\n\t\t\t\t\t\t\t\t\t\t\t\t<h1 class=\"co-page_hero--title\">\n\t\t\t\t\t\t\tProt\u00e9jase del fraude\t\t\t\t\t\t<\/h1>\n\t\t\t\t\t\t<p class=\"co-page_hero--tagline\">Aprenda c\u00f3mo proteger su dinero y su identidad, o c\u00f3mo recuperarse si ya ha sido v\u00edctima.<\/p>\t\t\t\t\t<\/div>\n\t\t\t\t<\/div>\n\t\t\t\t\t\t\t\t\t<div class=\"co-page_hero--images\">\n\t\t\t\t\t\t\t\t\t\t\t\t\t<div class=\"co-page_hero--img_wrap\">\n\t\t\t\t\t\t\t\t<img width=\"730\" height=\"487\" src=\"https:\/\/www.dccreditunion.coop\/files\/AdobeStock_246367828-730x487.jpeg\" class=\"co-page_hero--img\" alt=\"Padres llevando a su hijo sobre hombros en vacaciones en la playa. Familia africana de madre y padre llevando a su hijo sobre hombros en vacaciones.\" loading=\"eager\" fetchpriority=\"high\" decoding=\"async\" srcset=\"https:\/\/www.dccreditunion.coop\/files\/AdobeStock_246367828-730x487.jpeg 730w, https:\/\/www.dccreditunion.coop\/files\/AdobeStock_246367828-540x360.jpeg 540w, https:\/\/www.dccreditunion.coop\/files\/AdobeStock_246367828-768x512.jpeg 768w, https:\/\/www.dccreditunion.coop\/files\/AdobeStock_246367828-1536x1024.jpeg 1536w, https:\/\/www.dccreditunion.coop\/files\/AdobeStock_246367828-2048x1365.jpeg 2048w, https:\/\/www.dccreditunion.coop\/files\/AdobeStock_246367828-18x12.jpeg 18w, https:\/\/www.dccreditunion.coop\/files\/AdobeStock_246367828-396x264.jpeg 396w, https:\/\/www.dccreditunion.coop\/files\/AdobeStock_246367828-840x560.jpeg 840w, https:\/\/www.dccreditunion.coop\/files\/AdobeStock_246367828-75x50.jpeg 75w\" sizes=\"(max-width: 730px) 100vw, 730px\" \/>\t\t\t\t\t\t\t<\/div>\n\t\t\t\t\t\t\t\t\t\t\t\t\t\t\t\t\t\t\t<div class=\"co-page_hero--img_wrap\">\n\t\t\t\t\t\t\t\t<img width=\"730\" height=\"365\" src=\"https:\/\/www.dccreditunion.coop\/files\/AdobeStock_495332228-730x365.jpeg\" class=\"co-page_hero--img_brand\" alt=\"Textura enlosable de dunas de arena de playa blanca o desierto sin costuras\" loading=\"eager\" fetchpriority=\"high\" decoding=\"async\" srcset=\"https:\/\/www.dccreditunion.coop\/files\/AdobeStock_495332228-730x365.jpeg 730w, https:\/\/www.dccreditunion.coop\/files\/AdobeStock_495332228-540x270.jpeg 540w, https:\/\/www.dccreditunion.coop\/files\/AdobeStock_495332228-768x384.jpeg 768w, https:\/\/www.dccreditunion.coop\/files\/AdobeStock_495332228-1536x768.jpeg 1536w, https:\/\/www.dccreditunion.coop\/files\/AdobeStock_495332228-2048x1024.jpeg 2048w, https:\/\/www.dccreditunion.coop\/files\/AdobeStock_495332228-18x9.jpeg 18w, https:\/\/www.dccreditunion.coop\/files\/AdobeStock_495332228-396x198.jpeg 396w, https:\/\/www.dccreditunion.coop\/files\/AdobeStock_495332228-840x420.jpeg 840w, https:\/\/www.dccreditunion.coop\/files\/AdobeStock_495332228-75x38.jpeg 75w\" sizes=\"(max-width: 730px) 100vw, 730px\" \/>\t\t\t\t\t\t\t<\/div>\n\t\t\t\t\t\t\t\t\t\t\t<\/div>\n\t\t\t\t\t\t\t\t<div class=\"co-page_hero--right_bg\"><\/div>\n\t\t\t<\/div>\n\t\t<\/div>\n\t<\/header>\n<\/div><\/div>\n\n<div class=\"co-flex_row co-flex_row__white co-flex_row__columns\" ><div class=\"co-flex_row--row co-row\">\t<div class=\"co-columns\">\n\t\t\t\t<header class=\"co-intro_text has_intro\">\n\t\t\t<h2 class=\"co-intro_text--title\">Hoy es m\u00e1s importante que nunca estar alerta y ser cuidadoso con su informaci\u00f3n personal.<\/h2><div class=\"co-intro_text--intro text-component\"><p>Su informaci\u00f3n personal es un bien valioso, y protegerla es fundamental para su seguridad financiera. Inf\u00f3rmese sobre c\u00f3mo mantenerse seguro, las estafas actuales a las que debe prestar atenci\u00f3n y qu\u00e9 hacer si es v\u00edctima de robo de identidad.<\/p>\n<\/div>\t\t<\/header>\n\t\t\t\t\t<div class=\"co-columns--row prow prow-md:2 prow-lg:3 co-columns--row__none justify-center\">\n\t\t\t\t\t\t\t\t\t<div class=\"co-columns--box\">\n\t\t\t\t\t\t<h3 class=\"co-columns--box_headline\" >Tenga cuidado con las amenazas en l\u00ednea<\/h3><div class=\"co-columns--box_desc text-component\"><p>Vea alertas y actualizaciones sobre las \u00faltimas estafas, ataques y consejos \u00fatiles sobre c\u00f3mo protegerse.<\/p>\n<\/div><div class=\"co-columns--box_button\"><a class=\"co-columns--button co-button gtm-button\" href=\"https:\/\/www.dccreditunion.coop\/es\/speed-bump\/?url=https%3A%2F%2Fwww.identitytheft.gov%2F%3Fcuid%3D192&#038;prev=https%3A%2F%2Fwww.dccreditunion.coop%2Fes%2Faprender-crecer%2Fprotejase-del-fraude%2F\" target=\"_blank\" >Visita CU*Secure<\/a><\/div>\t\t\t\t\t<\/div>\n\t\t\t\t\t\t\t\t\t<div class=\"co-columns--box\">\n\t\t\t\t\t\t<h3 class=\"co-columns--box_headline\" >Obtenga consejos sobre c\u00f3mo mantenerse seguro en l\u00ednea<\/h3><div class=\"co-columns--box_desc text-component\"><p>Encuentre informaci\u00f3n actualizada sobre c\u00f3mo proteger su informaci\u00f3n personal en todos sus dispositivos.<\/p>\n<\/div><div class=\"co-columns--box_button\"><a class=\"co-columns--button co-button gtm-button\" href=\"https:\/\/www.dccreditunion.coop\/es\/speed-bump\/?url=https%3A%2F%2Fconsumer.ftc.gov%2Fidentity-theft-and-online-security%2Fonline-privacy-and-security&#038;prev=https%3A%2F%2Fwww.dccreditunion.coop%2Fes%2Faprender-crecer%2Fprotejase-del-fraude%2F\" target=\"_blank\" >Visita OnGuardOnline<\/a><\/div>\t\t\t\t\t<\/div>\n\t\t\t\t\t\t\t\t\t<div class=\"co-columns--box\">\n\t\t\t\t\t\t<h3 class=\"co-columns--box_headline\" >Recuperarse del robo de identidad<\/h3><div class=\"co-columns--box_desc text-component\"><p><a href=\"http:\/\/identitytheft.gov\/\" target=\"_blank\" rel=\"noopener\">RobodeIdentidad.gov<\/a>\u00a0Es un recurso para las v\u00edctimas de robo de identidad, que proporciona listas de verificaci\u00f3n y cartas de muestra para guiarlo a trav\u00e9s del proceso de recuperaci\u00f3n.<\/p>\n<\/div><div class=\"co-columns--box_button\"><a class=\"co-columns--button co-button gtm-button\" href=\"https:\/\/www.dccreditunion.coop\/es\/speed-bump\/?url=https%3A%2F%2Fwww.identitytheft.gov%2F&#038;prev=https%3A%2F%2Fwww.dccreditunion.coop%2Fes%2Faprender-crecer%2Fprotejase-del-fraude%2F\" target=\"_blank\" >Denuncie el robo de identidad y obtenga un plan de recuperaci\u00f3n<\/a><\/div>\t\t\t\t\t<\/div>\n\t\t\t\t\t\t\t<\/div>\n\t\t\t\t<\/div>\n<\/div><\/div>\n\n<div class=\"co-flex_row co-flex_row__white co-flex_row__next_row_diff co-flex_row__columns\" ><div class=\"co-flex_row--row co-row\">\t<div class=\"co-columns\">\n\t\t\t\t\t<div class=\"co-columns--row prow prow-md:2 prow-lg:2 co-columns--row__none justify-center\">\n\t\t\t\t\t\t\t\t\t<div class=\"co-columns--box\">\n\t\t\t\t\t\t<h2 class=\"co-columns--box_headline\" >Prot\u00e9jase del robo de identidad.<\/h2><div class=\"co-columns--box_desc text-component\"><p>El robo de identidad (cuando alguien usa su informaci\u00f3n personal sin su permiso) es un problema creciente que afecta a hasta 9 millones de estadounidenses cada a\u00f1o. Puede causar muchos inconvenientes, por lo que le sugerimos tomar medidas para minimizar el riesgo.<\/p>\n<p><strong>Aqu\u00ed hay algunas formas de protegerse:<\/strong><\/p>\n<ul>\n<li>Mant\u00e9n tu n\u00famero de Seguro Social seguro. No lo lleves en la cartera ni lo escribas en un cheque, y proporci\u00f3nalo solo cuando sea absolutamente necesario.<\/li>\n<li>Destruya los estados financieros y otros documentos. Los ladrones hurgan en la basura y los contenedores de reciclaje para encontrar informaci\u00f3n personal que puedan usar. Siempre destruya recibos, copias de solicitudes de cr\u00e9dito, seguros y documentos m\u00e9dicos.<br \/>\nestados financieros, tarjetas de cr\u00e9dito vencidas o cualquier otro documento con informaci\u00f3n sensible.<\/li>\n<li>Mant\u00e9ngase alerta en internet. No haga clic en enlaces sospechosos ni abra archivos adjuntos de remitentes desconocidos.<\/li>\n<li>Use contrase\u00f1as seguras. Evite las cortas y f\u00e1ciles de adivinar, y c\u00e1mbielas con frecuencia. Use una combinaci\u00f3n de letras, n\u00fameros y caracteres especiales para obtener la contrase\u00f1a m\u00e1s segura.<\/li>\n<li>Guarde su informaci\u00f3n personal en un lugar seguro. Tanto en casa como en el trabajo, proteja su billetera, bolso y todos los documentos que contengan informaci\u00f3n personal.<\/li>\n<li>Revise sus extractos bancarios e informes de cr\u00e9dito. Est\u00e9 atento a actividades sospechosas y consultas de cr\u00e9dito. Verifique que toda la informaci\u00f3n sea precisa.<\/li>\n<\/ul>\n<\/div><div class=\"co-columns--box_button\"><a class=\"co-columns--button co-button gtm-button\" href=\"https:\/\/www.dccreditunion.coop\/es\/speed-bump\/?url=https%3A%2F%2Fwww.greenpath.com%2Fblog%2Fidentity-theft%2F&#038;prev=https%3A%2F%2Fwww.dccreditunion.coop%2Fes%2Faprender-crecer%2Fprotejase-del-fraude%2F\" target=\"_blank\" >Obtenga m\u00e1s informaci\u00f3n sobre el robo de identidad<\/a><\/div>\t\t\t\t\t<\/div>\n\t\t\t\t\t\t\t\t\t<div class=\"co-columns--box\">\n\t\t\t\t\t\t<h2 class=\"co-columns--box_headline\" >Est\u00e9 atento a estas se\u00f1ales de advertencia de robo de identidad:<\/h2><div class=\"co-columns--box_desc text-component\"><ul>\n<li>Cuentas que no abriste y deudas que no puedes explicar<\/li>\n<li>Informaci\u00f3n fraudulenta o inexacta en sus informes de cr\u00e9dito, incluidas cuentas e informaci\u00f3n personal<\/li>\n<li>No recibir facturas ni correo. Una factura extraviada podr\u00eda indicar que un robo de identidad se apoder\u00f3 de su cuenta y cambi\u00f3 la direcci\u00f3n postal.<\/li>\n<li>Recibir tarjetas de cr\u00e9dito que no solicitaste.<\/li>\n<li>Que le nieguen cr\u00e9dito o le ofrezcan condiciones menos favorables sin ninguna raz\u00f3n aparente.<\/li>\n<li>Ser contactado acerca de mercanc\u00edas o servicios que no compr\u00f3, una casa que nunca compr\u00f3 o un trabajo que nunca tuvo.<\/li>\n<\/ul>\n<\/div><div class=\"co-columns--box_button\"><\/div>\t\t\t\t\t<\/div>\n\t\t\t\t\t\t\t<\/div>\n\t\t\t\t<\/div>\n<\/div><\/div>\n\n<div class=\"co-flex_row co-flex_row__purple co-flex_row__next_row_diff co-flex_row__brand-statement\" ><div class=\"co-flex_row--row co-row\"><div class=\"co-brandStatement\">\n\t<div class=\"prow items-center gap:0\">\n\t\t<div class=\"pcol-md:2\">\n\t\t\t<svg class=\"icon-svg\" viewbox=\"0 0 62 58\">\n\t\t\t\t<use xlink:href=\"https:\/\/www.dccreditunion.coop\/wp-content\/themes\/dccu-theme\/images\/sprite-icons.svg?v=1773336553#star-small\" \/>\n\t\t\t<\/svg>\n\t\t<\/div>\n\t\t<div class=\"pcol-md:10\">\n\t\t\t<div class=\"co-brandStatement--text text-component\"><p>Recupera tu futuro. Recupera tu seguridad.<\/p>\n<\/div>\t\t<\/div>\n\t<\/div>\n<\/div>\n<\/div><\/div>\n\n<div class=\"co-flex_row co-flex_row__white co-flex_row__columns\" ><div class=\"co-flex_row--row co-row\">\t<div class=\"co-columns\">\n\t\t\t\t\t<div class=\"co-columns--row prow prow-md:2 prow-lg:2 co-columns--row__none justify-center\">\n\t\t\t\t\t\t\t\t\t<div class=\"co-columns--box\">\n\t\t\t\t\t\t<h2 class=\"co-columns--box_headline\" >Mant\u00e9n los ojos abiertos ante las estafas en l\u00ednea.<\/h2><div class=\"co-columns--box_desc text-component\"><p><strong>Obtenga m\u00e1s informaci\u00f3n sobre dos tipos comunes de ataques para protegerse:<\/strong><\/p>\n<ul>\n<li>En un\u00a0<strong>ataque de smishing,<\/strong>\u00a0Recibe un mensaje de texto indic\u00e1ndole que llame a un n\u00famero relacionado con su tarjeta de la cooperativa de cr\u00e9dito. Al llamar, le informan de un posible fraude en su cuenta y le piden que proporcione su n\u00famero de tarjeta y otra informaci\u00f3n personal.\u00a0<strong>Nunca proporcione ning\u00fan n\u00famero de cuenta confidencial por tel\u00e9fono.<\/strong><\/li>\n<li><strong>Estafas de phishing<\/strong>\u00a0Suelen incluir correos electr\u00f3nicos falsos que usan el logotipo y los gr\u00e1ficos de un banco para parecer reales, con el fin de incitarle a proporcionar informaci\u00f3n financiera personal, como informaci\u00f3n de cuenta y n\u00famero de seguro social. Nunca responda a correos electr\u00f3nicos no solicitados que soliciten informaci\u00f3n personal.\u00a0<strong>No haga clic en los enlaces de estos correos electr\u00f3nicos. Avise a DC Credit Union si recibe un correo electr\u00f3nico sospechoso.<\/strong><\/li>\n<li><em>DC Credit Union nunca le enviar\u00e1 mensajes de texto ni correos electr\u00f3nicos solicitando informaci\u00f3n sobre sus cuentas. Ya tenemos la informaci\u00f3n de su cuenta.<\/em><\/li>\n<\/ul>\n<\/div><div class=\"co-columns--box_button\"><a class=\"co-columns--button co-button gtm-button\" href=\"https:\/\/www.dccreditunion.coop\/es\/speed-bump\/?url=https%3A%2F%2Fconsumer.ftc.gov%2Fidentity-theft-and-online-security%2Fonline-privacy-and-security&#038;prev=https%3A%2F%2Fwww.dccreditunion.coop%2Fes%2Faprender-crecer%2Fprotejase-del-fraude%2F\" target=\"_blank\" >Obtenga m\u00e1s informaci\u00f3n sobre la seguridad en l\u00ednea<\/a><\/div>\t\t\t\t\t<\/div>\n\t\t\t\t\t\t\t\t\t<div class=\"co-columns--box\">\n\t\t\t\t\t\t<h2 class=\"co-columns--box_headline\" >Formas de mantener su informaci\u00f3n personal segura en l\u00ednea:<\/h2><div class=\"co-columns--box_desc text-component\"><ul>\n<li><strong>Actualice el software de su computadora<\/strong>\u00a0para protegerse contra las \u00faltimas amenazas.<\/li>\n<li><strong>Considere activar la autenticaci\u00f3n de dos factores<\/strong>Para las cuentas que lo admiten, se requiere su contrase\u00f1a y una informaci\u00f3n adicional para iniciar sesi\u00f3n en su cuenta.<\/li>\n<li><strong>Haz una copia de seguridad de tus archivos<\/strong>, por lo que si su computadora es atacada por malware, a\u00fan tendr\u00e1 acceso a sus archivos.<\/li>\n<li><strong>Protege tus contrase\u00f1as<\/strong>No los reparta, y si est\u00e1n escritos, gu\u00e1rdelos bajo llave, fuera de la vista.<\/li>\n<\/ul>\n<\/div><div class=\"co-columns--box_button\"><\/div>\t\t\t\t\t<\/div>\n\t\t\t\t\t\t\t<\/div>\n\t\t\t\t<\/div>\n<\/div><\/div>\n\n<div class=\"co-flex_row co-flex_row__white co-flex_row__last co-flex_row__multi-path-cta\" ><div class=\"co-flex_row--row co-row\">\t<div class=\"co-mp_ctas\">\n\t\t\t\t<header class=\"co-intro_text\">\n\t\t\t<h2 class=\"co-intro_text--title\">Tambi\u00e9n te podr\u00eda interesar<\/h2>\t\t<\/header>\n\t\t\t\t<div class=\"co-mp_ctas--list prow justify-center\">\n\t\t\t\t\t\t\t\t\t\t\t<div class=\"co-mp_cta pcol-lg:4\">\n\t\t\t\t\t<div class=\"co-mp_cta--title\">\n\t\t\t\t\t\tRealizar una compra importante\t\t\t\t\t<\/div>\n\t\t\t\t\t<a class=\"co-mp_cta--link gtm-button\" href=\"https:\/\/www.dccreditunion.coop\/es\/aprender-crecer\/hacer-una-compra-importante\/\"  >Lea la gu\u00eda<\/a>\t\t\t\t<\/div>\n\t\t\t\t\t\t\t\t\t\t\t<div class=\"co-mp_cta pcol-lg:4\">\n\t\t\t\t\t<div class=\"co-mp_cta--title\">\n\t\t\t\t\t\tAhorra y planifica el futuro\t\t\t\t\t<\/div>\n\t\t\t\t\t<a class=\"co-mp_cta--link gtm-button\" href=\"https:\/\/www.dccreditunion.coop\/es\/aprender-crecer\/guardar-plan-futuro\/\"  >Lea la gu\u00eda<\/a>\t\t\t\t<\/div>\n\t\t\t\t\t\t\t\t\t\t\t<div class=\"co-mp_cta pcol-lg:4\">\n\t\t\t\t\t<div class=\"co-mp_cta--title\">\n\t\t\t\t\t\tReconstruya su cr\u00e9dito\t\t\t\t\t<\/div>\n\t\t\t\t\t<a class=\"co-mp_cta--link gtm-button\" href=\"https:\/\/www.dccreditunion.coop\/es\/aprender-crecer\/reconstruir-su-credito\/\"  >Lea la gu\u00eda<\/a>\t\t\t\t<\/div>\n\t\t\t\t\t<\/div>\n\t<\/div>\n<\/div><\/div>","protected":false},"excerpt":{"rendered":"","protected":false},"author":11,"featured_media":0,"parent":2537,"menu_order":0,"comment_status":"closed","ping_status":"closed","template":"","meta":{"_acf_changed":false,"_searchwp_excluded":"","footnotes":""},"class_list":["post-2542","page","type-page","status-publish","hentry"],"acf":[],"yoast_head":"<!-- This site is optimized with the Yoast SEO plugin v27.2 - https:\/\/yoast.com\/product\/yoast-seo-wordpress\/ -->\n<title>Protect Yourself From Fraud - DC Credit Union<\/title>\n<meta name=\"robots\" content=\"index, follow, max-snippet:-1, max-image-preview:large, max-video-preview:-1\" \/>\n<link rel=\"canonical\" href=\"https:\/\/www.dccreditunion.coop\/es\/aprender-crecer\/protejase-del-fraude\/\" \/>\n<meta property=\"og:locale\" content=\"es_ES\" \/>\n<meta property=\"og:type\" content=\"article\" \/>\n<meta property=\"og:title\" content=\"Protect Yourself From Fraud - DC Credit Union\" \/>\n<meta property=\"og:url\" content=\"https:\/\/www.dccreditunion.coop\/es\/aprender-crecer\/protejase-del-fraude\/\" \/>\n<meta property=\"og:site_name\" content=\"DC Credit Union\" \/>\n<meta property=\"article:modified_time\" content=\"2026-03-12T04:17:43+00:00\" \/>\n<meta name=\"twitter:card\" content=\"summary_large_image\" \/>\n<script type=\"application\/ld+json\" class=\"yoast-schema-graph\">{\"@context\":\"https:\/\/schema.org\",\"@graph\":[{\"@type\":\"WebPage\",\"@id\":\"https:\/\/www.dccreditunion.coop\/learn-grow\/protect-yourself-from-fraud\/\",\"url\":\"https:\/\/www.dccreditunion.coop\/learn-grow\/protect-yourself-from-fraud\/\",\"name\":\"Protect Yourself From Fraud - DC Credit Union\",\"isPartOf\":{\"@id\":\"https:\/\/www.dccreditunion.coop\/#website\"},\"datePublished\":\"2025-03-06T00:18:48+00:00\",\"dateModified\":\"2026-03-12T04:17:43+00:00\",\"breadcrumb\":{\"@id\":\"https:\/\/www.dccreditunion.coop\/learn-grow\/protect-yourself-from-fraud\/#breadcrumb\"},\"inLanguage\":\"es-ES\",\"potentialAction\":[{\"@type\":\"ReadAction\",\"target\":[\"https:\/\/www.dccreditunion.coop\/learn-grow\/protect-yourself-from-fraud\/\"]}]},{\"@type\":\"BreadcrumbList\",\"@id\":\"https:\/\/www.dccreditunion.coop\/learn-grow\/protect-yourself-from-fraud\/#breadcrumb\",\"itemListElement\":[{\"@type\":\"ListItem\",\"position\":1,\"name\":\"Home\",\"item\":\"https:\/\/www.dccreditunion.coop\/\"},{\"@type\":\"ListItem\",\"position\":2,\"name\":\"Learn &#038; Grow\",\"item\":\"https:\/\/www.dccreditunion.coop\/learn-grow\/\"},{\"@type\":\"ListItem\",\"position\":3,\"name\":\"Protect Yourself From Fraud\"}]},{\"@type\":\"WebSite\",\"@id\":\"https:\/\/www.dccreditunion.coop\/#website\",\"url\":\"https:\/\/www.dccreditunion.coop\/\",\"name\":\"DC Credit Union\",\"description\":\"We&#039;re DC&#039;s Credit Union\",\"potentialAction\":[{\"@type\":\"SearchAction\",\"target\":{\"@type\":\"EntryPoint\",\"urlTemplate\":\"https:\/\/www.dccreditunion.coop\/?s={search_term_string}\"},\"query-input\":{\"@type\":\"PropertyValueSpecification\",\"valueRequired\":true,\"valueName\":\"search_term_string\"}}],\"inLanguage\":\"es-ES\"}]}<\/script>\n<!-- \/ Yoast SEO plugin. -->","yoast_head_json":{"title":"Prot\u00e9jase del fraude - Cooperativa de Cr\u00e9dito DC","robots":{"index":"index","follow":"follow","max-snippet":"max-snippet:-1","max-image-preview":"max-image-preview:large","max-video-preview":"max-video-preview:-1"},"canonical":"https:\/\/www.dccreditunion.coop\/es\/aprender-crecer\/protejase-del-fraude\/","og_locale":"es_ES","og_type":"article","og_title":"Protect Yourself From Fraud - DC Credit Union","og_url":"https:\/\/www.dccreditunion.coop\/es\/aprender-crecer\/protejase-del-fraude\/","og_site_name":"DC Credit Union","article_modified_time":"2026-03-12T04:17:43+00:00","twitter_card":"summary_large_image","schema":{"@context":"https:\/\/schema.org","@graph":[{"@type":"WebPage","@id":"https:\/\/www.dccreditunion.coop\/learn-grow\/protect-yourself-from-fraud\/","url":"https:\/\/www.dccreditunion.coop\/learn-grow\/protect-yourself-from-fraud\/","name":"Prot\u00e9jase del fraude - Cooperativa de Cr\u00e9dito DC","isPartOf":{"@id":"https:\/\/www.dccreditunion.coop\/#website"},"datePublished":"2025-03-06T00:18:48+00:00","dateModified":"2026-03-12T04:17:43+00:00","breadcrumb":{"@id":"https:\/\/www.dccreditunion.coop\/learn-grow\/protect-yourself-from-fraud\/#breadcrumb"},"inLanguage":"es-ES","potentialAction":[{"@type":"ReadAction","target":["https:\/\/www.dccreditunion.coop\/learn-grow\/protect-yourself-from-fraud\/"]}]},{"@type":"BreadcrumbList","@id":"https:\/\/www.dccreditunion.coop\/learn-grow\/protect-yourself-from-fraud\/#breadcrumb","itemListElement":[{"@type":"ListItem","position":1,"name":"Home","item":"https:\/\/www.dccreditunion.coop\/"},{"@type":"ListItem","position":2,"name":"Learn &#038; Grow","item":"https:\/\/www.dccreditunion.coop\/learn-grow\/"},{"@type":"ListItem","position":3,"name":"Protect Yourself From Fraud"}]},{"@type":"WebSite","@id":"https:\/\/www.dccreditunion.coop\/#website","url":"https:\/\/www.dccreditunion.coop\/","name":"Cooperativa de cr\u00e9dito de DC","description":"Somos la cooperativa de cr\u00e9dito de DC","potentialAction":[{"@type":"SearchAction","target":{"@type":"EntryPoint","urlTemplate":"https:\/\/www.dccreditunion.coop\/?s={search_term_string}"},"query-input":{"@type":"PropertyValueSpecification","valueRequired":true,"valueName":"search_term_string"}}],"inLanguage":"es-ES"}]}},"_links":{"self":[{"href":"https:\/\/www.dccreditunion.coop\/es\/wp-json\/wp\/v2\/pages\/2542","targetHints":{"allow":["GET"]}}],"collection":[{"href":"https:\/\/www.dccreditunion.coop\/es\/wp-json\/wp\/v2\/pages"}],"about":[{"href":"https:\/\/www.dccreditunion.coop\/es\/wp-json\/wp\/v2\/types\/page"}],"author":[{"embeddable":true,"href":"https:\/\/www.dccreditunion.coop\/es\/wp-json\/wp\/v2\/users\/11"}],"replies":[{"embeddable":true,"href":"https:\/\/www.dccreditunion.coop\/es\/wp-json\/wp\/v2\/comments?post=2542"}],"version-history":[{"count":2,"href":"https:\/\/www.dccreditunion.coop\/es\/wp-json\/wp\/v2\/pages\/2542\/revisions"}],"predecessor-version":[{"id":3432,"href":"https:\/\/www.dccreditunion.coop\/es\/wp-json\/wp\/v2\/pages\/2542\/revisions\/3432"}],"up":[{"embeddable":true,"href":"https:\/\/www.dccreditunion.coop\/es\/wp-json\/wp\/v2\/pages\/2537"}],"wp:attachment":[{"href":"https:\/\/www.dccreditunion.coop\/es\/wp-json\/wp\/v2\/media?parent=2542"}],"curies":[{"name":"wp","href":"https:\/\/api.w.org\/{rel}","templated":true}]}}