{"id":2531,"date":"2025-03-06T00:18:48","date_gmt":"2025-03-06T00:18:48","guid":{"rendered":"https:\/\/dccreditunion.kinsta.cloud\/personal\/smarter-student-loans\/"},"modified":"2026-03-11T23:29:07","modified_gmt":"2026-03-12T04:29:07","slug":"prestamos-estudiantiles-mas-inteligentes","status":"publish","type":"page","link":"https:\/\/www.dccreditunion.coop\/es\/personal\/prestamos-estudiantiles-mas-inteligentes\/","title":{"rendered":"Pr\u00e9stamos estudiantiles m\u00e1s inteligentes"},"content":{"rendered":"<div class=\"co-flex_row co-flex_row__page-hero\" ><div class=\"co-flex_row--row co-row\">\t<header class=\"co-page_hero co-page_hero--bg_teal co-page_hero__has_image display-img-desktop display-img-mobile\" aria-label=\"Encabezado: Pr\u00e9stamos estudiantiles m\u00e1s inteligentes\">\n\t\t<div class=\"co-page_hero--inner\">\n\t\t\t\t\t\t<div class=\"co-page_hero--grid\">\n\t\t\t\t<div class=\"co-page_hero--text\">\n\t\t\t\t\t<div class=\"co-page_hero--text_inner\">\n\t\t\t\t\t\t\t\t\t\t\t\t<h1 class=\"co-page_hero--title\">\n\t\t\t\t\t\t\tPr\u00e9stamos estudiantiles m\u00e1s inteligentes\t\t\t\t\t\t<\/h1>\n\t\t\t\t\t\t<p class=\"co-page_hero--tagline\">Pr\u00e9stamos privados para estudiantes que ponen la universidad a tu alcance.<\/p>\t\t\t\t\t<\/div>\n\t\t\t\t<\/div>\n\t\t\t\t\t\t\t\t\t<div class=\"co-page_hero--images\">\n\t\t\t\t\t\t\t\t\t\t\t\t\t<div class=\"co-page_hero--img_wrap\">\n\t\t\t\t\t\t\t\t<img width=\"730\" height=\"487\" src=\"https:\/\/www.dccreditunion.coop\/files\/AdobeStock_182041526-730x487.jpeg\" class=\"co-page_hero--img\" alt=\"Retrato de un estudiante var\u00f3n de pie en un edificio universitario.\" loading=\"eager\" fetchpriority=\"high\" decoding=\"async\" srcset=\"https:\/\/www.dccreditunion.coop\/files\/AdobeStock_182041526-730x487.jpeg 730w, https:\/\/www.dccreditunion.coop\/files\/AdobeStock_182041526-540x360.jpeg 540w, https:\/\/www.dccreditunion.coop\/files\/AdobeStock_182041526-768x512.jpeg 768w, https:\/\/www.dccreditunion.coop\/files\/AdobeStock_182041526-1536x1024.jpeg 1536w, https:\/\/www.dccreditunion.coop\/files\/AdobeStock_182041526-2048x1365.jpeg 2048w, https:\/\/www.dccreditunion.coop\/files\/AdobeStock_182041526-18x12.jpeg 18w, https:\/\/www.dccreditunion.coop\/files\/AdobeStock_182041526-396x264.jpeg 396w, https:\/\/www.dccreditunion.coop\/files\/AdobeStock_182041526-840x560.jpeg 840w, https:\/\/www.dccreditunion.coop\/files\/AdobeStock_182041526-75x50.jpeg 75w\" sizes=\"(max-width: 730px) 100vw, 730px\" \/>\t\t\t\t\t\t\t<\/div>\n\t\t\t\t\t\t\t\t\t\t\t\t\t\t\t\t\t\t\t<div class=\"co-page_hero--img_wrap\">\n\t\t\t\t\t\t\t\t<img width=\"730\" height=\"487\" src=\"https:\/\/www.dccreditunion.coop\/files\/AdobeStock_471724651-730x487.jpeg\" class=\"co-page_hero--img_brand\" alt=\"Georgetown, Washington DC, EE. UU. Horizonte sobre el r\u00edo Potomac\" loading=\"eager\" fetchpriority=\"high\" decoding=\"async\" srcset=\"https:\/\/www.dccreditunion.coop\/files\/AdobeStock_471724651-730x487.jpeg 730w, https:\/\/www.dccreditunion.coop\/files\/AdobeStock_471724651-540x360.jpeg 540w, https:\/\/www.dccreditunion.coop\/files\/AdobeStock_471724651-768x513.jpeg 768w, https:\/\/www.dccreditunion.coop\/files\/AdobeStock_471724651-1536x1025.jpeg 1536w, https:\/\/www.dccreditunion.coop\/files\/AdobeStock_471724651-2048x1367.jpeg 2048w, https:\/\/www.dccreditunion.coop\/files\/AdobeStock_471724651-18x12.jpeg 18w, https:\/\/www.dccreditunion.coop\/files\/AdobeStock_471724651-396x264.jpeg 396w, https:\/\/www.dccreditunion.coop\/files\/AdobeStock_471724651-840x561.jpeg 840w, https:\/\/www.dccreditunion.coop\/files\/AdobeStock_471724651-75x50.jpeg 75w\" sizes=\"(max-width: 730px) 100vw, 730px\" \/>\t\t\t\t\t\t\t<\/div>\n\t\t\t\t\t\t\t\t\t\t\t<\/div>\n\t\t\t\t\t\t\t\t<div class=\"co-page_hero--right_bg\"><\/div>\n\t\t\t<\/div>\n\t\t<\/div>\n\t<\/header>\n<\/div><\/div>\n\n<div class=\"co-flex_row co-flex_row__white co-flex_row__long-form-text\" ><div class=\"co-flex_row--row co-row\">\t<div class=\"co-long_form\">\n\t\t\t\t<header class=\"co-intro_text\">\n\t\t\t<h2 class=\"co-intro_text--title\">Queremos ayudarle a disfrutar de los beneficios de una educaci\u00f3n universitaria de calidad.<\/h2>\t\t<\/header>\n\t\t\t\t\t<div class=\"co-long_form--block co-long_form--block__nomedia prow items-start justify-center flex-center\">\n\t\t\t\t<div class=\"co-long_form--text pcol-md:9\">\n\t\t\t\t\t<div class=\"co-long_form--content text-component\"><p>A medida que la universidad se encarece, incluso la matr\u00edcula estatal puede ascender a decenas de miles de d\u00f3lares para cuando llega la fecha de graduaci\u00f3n. Tenemos financiamiento inteligente para cuando las becas, los pr\u00e9stamos federales y la ayuda financiera no son suficientes:<\/p>\n<ul>\n<li>Montos de pr\u00e9stamos flexibles<\/li>\n<li>Tasas de inter\u00e9s competitivas<\/li>\n<li>Pr\u00e9stamos escolares asequibles con pagos tan bajos como $25 por mes hasta la graduaci\u00f3n<\/li>\n<li>Pr\u00e9stamos a tasa fija para ayudarle a consolidar sus pr\u00e9stamos estudiantiles existentes<\/li>\n<li>Aprobaciones r\u00e1pidas<\/li>\n<\/ul>\n<\/div><a class=\"co-long_form--button co-button gtm-button\" href=\"https:\/\/partner.lendkey.com\/dgefcu\/student\" target=\"_blank\" >Obtenga m\u00e1s informaci\u00f3n y solicite en l\u00ednea<\/a>\t\t\t\t<\/div>\n\t\t\t\t\t\t\t<\/div>\n\t\t\t\t<\/div>\n<\/div><\/div>\n\n<div class=\"co-flex_row co-flex_row__white co-flex_row__brand-statement\" ><div class=\"co-flex_row--row co-row\"><div class=\"co-brandStatement\">\n\t<div class=\"prow items-center gap:0\">\n\t\t<div class=\"pcol-md:2\">\n\t\t\t<svg class=\"icon-svg\" viewbox=\"0 0 62 58\">\n\t\t\t\t<use xlink:href=\"https:\/\/www.dccreditunion.coop\/wp-content\/themes\/dccu-theme\/images\/sprite-icons.svg?v=1773336553#star-small\" \/>\n\t\t\t<\/svg>\n\t\t<\/div>\n\t\t<div class=\"pcol-md:10\">\n\t\t\t<div class=\"co-brandStatement--text text-component\"><p>Fortalece tu futuro\u00a0<strong>con una educaci\u00f3n de calidad.<\/strong><\/p>\n<\/div>\t\t<\/div>\n\t<\/div>\n<\/div>\n<\/div><\/div>\n\n<div class=\"co-flex_row co-flex_row__white co-flex_row__columns\" ><div class=\"co-flex_row--row co-row\">\t<div class=\"co-columns\">\n\t\t\t\t\t<div class=\"co-columns--row prow prow-md:2 prow-lg:2 co-columns--row__none justify-center\">\n\t\t\t\t\t\t\t\t\t<div class=\"co-columns--box\">\n\t\t\t\t\t\t<h2 class=\"co-columns--box_headline\" >Pr\u00e9stamos estudiantiles<\/h2><div class=\"co-columns--box_desc text-component\"><p><strong>Pr\u00e9stamo privado para estudiantes cuScholar<\/strong><\/p>\n<p>Con nuestros pr\u00e9stamos estudiantiles privados m\u00e1s inteligentes, usted podr\u00e1 financiar su educaci\u00f3n universitaria sin estresarse por altas tasas de inter\u00e9s o formularios complicados:<\/p>\n<ul>\n<li>Pide prestado lo que necesites: hasta $120,000 en deuda de pregrado o $160,000 en deuda de posgrado.<\/li>\n<li>Tasas de inter\u00e9s competitivas, que pueden ser incluso m\u00e1s bajas seg\u00fan tu historial acad\u00e9mico.<\/li>\n<li>Libere a su cosignatario despu\u00e9s de realizar 24 pagos consecutivos a tiempo.*<\/li>\n<li>Proceso de solicitud r\u00e1pido<\/li>\n<li>Configure pagos mensuales recurrentes y disfrute de una reducci\u00f3n en su tasa de inter\u00e9s.**<\/li>\n<\/ul>\n<p><strong>Pr\u00e9stamo de consolidaci\u00f3n para estudiantes de cuGrad<\/strong><\/p>\n<p>Para la vida despu\u00e9s de la universidad, puede reducir sus pagos mensuales de pr\u00e9stamos estudiantiles consolidando sus pr\u00e9stamos estudiantiles privados existentes con nuestro Pr\u00e9stamo de Consolidaci\u00f3n Estudiantil de tasa fija.<\/p>\n<\/div><div class=\"co-columns--box_button\"><\/div>\t\t\t\t\t<\/div>\n\t\t\t\t\t\t\t\t\t<div class=\"co-columns--box\">\n\t\t\t\t\t\t<h2 class=\"co-columns--box_headline\" >\u00bfEs usted elegible?<\/h2><div class=\"co-columns--box_desc text-component\"><p>Adem\u00e1s de los criterios de suscripci\u00f3n de DC Credit Union, tambi\u00e9n debe cumplir con los siguientes requisitos de elegibilidad:<\/p>\n<ul>\n<li>Has alcanzado la mayor\u00eda de edad en tu estado.<\/li>\n<li>Usted y su cosignatario (si corresponde) son ciudadanos estadounidenses o residentes permanentes.<\/li>\n<li>Est\u00e1s inscrito al menos medio tiempo en una escuela elegible.<\/li>\n<li>Tienes un GPA de al menos 2.0.<\/li>\n<li>Cumple con los est\u00e1ndares de Progreso Acad\u00e9mico Satisfactorio definidos por su escuela.<\/li>\n<li>Eres miembro de DC Credit Union (o est\u00e1s dispuesto a unirte durante el proceso de solicitud en l\u00ednea).<\/li>\n<\/ul>\n<\/div><div class=\"co-columns--box_button\"><\/div>\t\t\t\t\t<\/div>\n\t\t\t\t\t\t\t<\/div>\n\t\t\t\t<\/div>\n<\/div><\/div>\n\n<div class=\"co-flex_row co-flex_row__white co-flex_row__calculators\" ><div class=\"co-flex_row--row co-row\">\t<section class=\"co-accords_section\" aria-label=\"Calcula cu\u00e1nto necesitar\u00e1s para pagar la universidad\">\n\t\t\t\t<header class=\"co-intro_text\">\n\t\t\t<h2 class=\"co-intro_text--title\">Calcula cu\u00e1nto necesitar\u00e1s para pagar la universidad<\/h2>\t\t<\/header>\n\t\t\t\t<div class=\"co-accordion\" data-animation=\"on\" data-multi-items=\"on\">\n\t\t\t\t\t\t\t<div class=\"co-accordion--item\">\n\t\t\t\t\t<button\n\t\t\t\t\t\t\t\t\t\t\t\tclass=\"co-accordion--header\t\t\t\t\t\t\tjs-accord_toggle\t\t\t\t\t\t\tclosed\"\n\t\t\t\t\t>\n\t\t\t\t\t\tAhorrar para la universidad\t\t\t\t\t\t<svg class=\"co-accordion--icon no-js:is-hidden\" viewbox=\"0 0 20 20\"><g class=\"icon__group\" fill=\"none\" stroke=\"currentColor\" stroke-linecap=\"round\" stroke-linejoin=\"round\"><line x1=\"3\" y1=\"3\" x2=\"17\" y2=\"17\"><\/line><line x1=\"17\" y1=\"3\" x2=\"3\" y2=\"17\"><\/line><\/g><\/svg>\n\t\t\t\t\t<\/button>\n\t\t\t\t\t<div class=\"co-accordion--panel\t\t\t\t\t\tjs-accord_content\t\t\t\t\t\ttext-component\">\n\t\t\t\t\t\t\t\t\t<div class=\"co-calc_embed\t\t\t\tjs-calc_iframe_wrap\">\n\t\t\t\t<iframe\n\t\t\t\t\ttitle=\"Calculadora financiera: saveforcollege\"\n\t\t\t\t\tclass=\"js-calc_iframe\t\t\t\t\t\tco-calc_embed--iframe\"\n\t\t\t\t\t\t\t\t\t\t\tdata-delay=\"true\"\n\t\t\t\t\t\tdata-src=\"https:\/\/www.fintactix.com\/dccreditunion\/tools\/savings\/s03\"\n\t\t\t\t\t\t\t\t\t>\n\t\t\t\t<\/iframe>\n\t\t\t<\/div>\n\t\t\t\t\t\t\t<\/div>\n\t\t\t\t<\/div>\n\t\t\t\t\t\t\t<div class=\"co-accordion--item\">\n\t\t\t\t\t<button\n\t\t\t\t\t\t\t\t\t\t\t\tclass=\"co-accordion--header\t\t\t\t\t\t\tjs-accord_toggle\t\t\t\t\t\t\tclosed\"\n\t\t\t\t\t>\n\t\t\t\t\t\tCumplir con una meta de pago de deuda\t\t\t\t\t\t<svg class=\"co-accordion--icon no-js:is-hidden\" viewbox=\"0 0 20 20\"><g class=\"icon__group\" fill=\"none\" stroke=\"currentColor\" stroke-linecap=\"round\" stroke-linejoin=\"round\"><line x1=\"3\" y1=\"3\" x2=\"17\" y2=\"17\"><\/line><line x1=\"17\" y1=\"3\" x2=\"3\" y2=\"17\"><\/line><\/g><\/svg>\n\t\t\t\t\t<\/button>\n\t\t\t\t\t<div class=\"co-accordion--panel\t\t\t\t\t\tjs-accord_content\t\t\t\t\t\ttext-component\">\n\t\t\t\t\t\t\t\t\t<div class=\"co-calc_embed\t\t\t\tjs-calc_iframe_wrap\">\n\t\t\t\t<iframe\n\t\t\t\t\ttitle=\"Calculadora financiera: cumplir con el objetivo de pago de la deuda\"\n\t\t\t\t\tclass=\"js-calc_iframe\t\t\t\t\t\tco-calc_embed--iframe\"\n\t\t\t\t\t\t\t\t\t\t\tdata-delay=\"true\"\n\t\t\t\t\t\tdata-src=\"https:\/\/www.fintactix.com\/dccreditunion\/tools\/debt\/d03\"\n\t\t\t\t\t\t\t\t\t>\n\t\t\t\t<\/iframe>\n\t\t\t<\/div>\n\t\t\t\t\t\t\t<\/div>\n\t\t\t\t<\/div>\n\t\t\t\t\t<\/div>\n\t\t\t<\/section>\n<\/div><\/div>\n\n<div class=\"co-flex_row co-flex_row__white co-flex_row__multi-path-cta\" ><div class=\"co-flex_row--row co-row\">\t<div class=\"co-mp_ctas\">\n\t\t\t\t<header class=\"co-intro_text\">\n\t\t\t<h2 class=\"co-intro_text--title\">\u00bfEst\u00e1 listo para solicitar un pr\u00e9stamo estudiantil privado?<\/h2>\t\t<\/header>\n\t\t\t\t<div class=\"co-mp_ctas--list prow justify-center\">\n\t\t\t\t\t\t\t\t\t\t\t<div class=\"co-mp_cta pcol-lg:4\">\n\t\t\t\t\t<div class=\"co-mp_cta--title\">\n\t\t\t\t\t\tAplicar en l\u00ednea\t\t\t\t\t<\/div>\n\t\t\t\t\t<a class=\"co-mp_cta--link gtm-button\" href=\"https:\/\/www.dccreditunion.coop\/es\/speed-bump\/?url=https%3A%2F%2Floans.itsme247.com%2F192%2FHome%2FStart&#038;prev=https%3A%2F%2Fwww.dccreditunion.coop%2Fes%2Fpersonal%2Fprestamos-estudiantiles-mas-inteligentes%2F\" target=\"_blank\" >Comience su solicitud ahora &gt;&gt;<\/a>\t\t\t\t<\/div>\n\t\t\t\t\t\t\t\t\t\t\t<div class=\"co-mp_cta pcol-lg:4\">\n\t\t\t\t\t<div class=\"co-mp_cta--title\">\n\t\t\t\t\t\tLl\u00e1manos\t\t\t\t\t<\/div>\n\t\t\t\t\t<a class=\"co-mp_cta--link gtm-button\" href=\"tel:7713332038\" target=\"_blank\" >771-333-2038<\/a>\t\t\t\t<\/div>\n\t\t\t\t\t<\/div>\n\t<\/div>\n<\/div><\/div>\n\n<div class=\"co-flex_row co-flex_row__white co-flex_row__last co-flex_row__disclosures\" ><div class=\"co-flex_row--row co-row\">\t<div class=\"co-disclosures\">\n\t\t<h2 class=\"co-disclosures--title\">Divulgaciones<\/h2>\n\t\t<dl class=\"co-disclosures--list\">\n\t\t\t\t\t\t\t<div class=\"co-disclosure\">\n\t\t\t\t\t<dd class=\"co-disclosure--desc\">\n\t\t\t\t\t\t\t\t\t\t\t\t<div class=\"text-component\"><p>*La liberaci\u00f3n del aval est\u00e1 sujeta a la aprobaci\u00f3n del prestamista. Para calificar, el prestatario, por s\u00ed solo, debe cumplir con los siguientes requisitos: (1) realizar el n\u00famero requerido de pagos consecutivos y puntuales de capital e intereses, seg\u00fan lo indicado en su contrato de cr\u00e9dito, durante el per\u00edodo de pago (excluyendo los pagos de solo intereses) inmediatamente anterior a la solicitud. Cualquier per\u00edodo de indulgencia reiniciar\u00e1 el cron\u00f3metro de pago; (2) La cuenta no puede estar en mora; (3) El prestatario debe presentar comprobante de ingresos que indique que cumple con los requisitos de ingresos y aprobar una revisi\u00f3n crediticia que demuestre que tiene un historial crediticio satisfactorio y la capacidad de asumir la plena responsabilidad del pago del pr\u00e9stamo; (4) No haber estado en quiebra ni haber ejecutado una hipoteca en los \u00faltimos sesenta meses; y (5) No haber incurrido en impagos de pr\u00e9stamos.<\/p>\n<p>**Si se inscribe en pagos mensuales autom\u00e1ticos desde una cuenta corriente o de ahorros personal para pagar el capital e intereses vencidos, el margen se reducir\u00e1 en 0.251 TP3T. Esta reducci\u00f3n de la tasa se eliminar\u00e1 y la tasa se incrementar\u00e1 en 0.251 TP3T ante cualquier cancelaci\u00f3n o intento fallido de cobro del pago autom\u00e1tico, y se suspender\u00e1 durante cualquier per\u00edodo de aplazamiento o suspensi\u00f3n. En consecuencia, durante el per\u00edodo de suspensi\u00f3n o suspensi\u00f3n, o si se cancela el pago autom\u00e1tico, cualquier aumento se traducir\u00e1 en pagos mayores.<\/p>\n<\/div>\t\t\t\t\t<\/dd>\n\t\t\t\t<\/div>\n\t\t\t\t\t<\/dl>\n\t<\/div>\n<\/div><\/div>","protected":false},"excerpt":{"rendered":"","protected":false},"author":11,"featured_media":0,"parent":2516,"menu_order":0,"comment_status":"closed","ping_status":"closed","template":"","meta":{"_acf_changed":false,"_searchwp_excluded":"","footnotes":""},"class_list":["post-2531","page","type-page","status-publish","hentry"],"acf":[],"yoast_head":"<!-- This site is optimized with the Yoast SEO plugin v27.2 - https:\/\/yoast.com\/product\/yoast-seo-wordpress\/ -->\n<title>Smarter Student Loans - DC Credit Union<\/title>\n<meta name=\"robots\" content=\"index, follow, max-snippet:-1, max-image-preview:large, max-video-preview:-1\" \/>\n<link rel=\"canonical\" href=\"https:\/\/www.dccreditunion.coop\/es\/personal\/prestamos-estudiantiles-mas-inteligentes\/\" \/>\n<meta property=\"og:locale\" content=\"es_ES\" \/>\n<meta property=\"og:type\" content=\"article\" \/>\n<meta property=\"og:title\" content=\"Smarter Student Loans - DC Credit Union\" \/>\n<meta property=\"og:url\" content=\"https:\/\/www.dccreditunion.coop\/es\/personal\/prestamos-estudiantiles-mas-inteligentes\/\" \/>\n<meta property=\"og:site_name\" content=\"DC Credit Union\" \/>\n<meta property=\"article:modified_time\" content=\"2026-03-12T04:29:07+00:00\" \/>\n<meta name=\"twitter:card\" content=\"summary_large_image\" \/>\n<script type=\"application\/ld+json\" class=\"yoast-schema-graph\">{\"@context\":\"https:\/\/schema.org\",\"@graph\":[{\"@type\":\"WebPage\",\"@id\":\"https:\/\/www.dccreditunion.coop\/personal\/smarter-student-loans\/\",\"url\":\"https:\/\/www.dccreditunion.coop\/personal\/smarter-student-loans\/\",\"name\":\"Smarter Student Loans - DC Credit Union\",\"isPartOf\":{\"@id\":\"https:\/\/www.dccreditunion.coop\/#website\"},\"datePublished\":\"2025-03-06T00:18:48+00:00\",\"dateModified\":\"2026-03-12T04:29:07+00:00\",\"breadcrumb\":{\"@id\":\"https:\/\/www.dccreditunion.coop\/personal\/smarter-student-loans\/#breadcrumb\"},\"inLanguage\":\"es-ES\",\"potentialAction\":[{\"@type\":\"ReadAction\",\"target\":[\"https:\/\/www.dccreditunion.coop\/personal\/smarter-student-loans\/\"]}]},{\"@type\":\"BreadcrumbList\",\"@id\":\"https:\/\/www.dccreditunion.coop\/personal\/smarter-student-loans\/#breadcrumb\",\"itemListElement\":[{\"@type\":\"ListItem\",\"position\":1,\"name\":\"Home\",\"item\":\"https:\/\/www.dccreditunion.coop\/\"},{\"@type\":\"ListItem\",\"position\":2,\"name\":\"Personal\",\"item\":\"https:\/\/www.dccreditunion.coop\/personal\/\"},{\"@type\":\"ListItem\",\"position\":3,\"name\":\"Smarter Student Loans\"}]},{\"@type\":\"WebSite\",\"@id\":\"https:\/\/www.dccreditunion.coop\/#website\",\"url\":\"https:\/\/www.dccreditunion.coop\/\",\"name\":\"DC Credit Union\",\"description\":\"We&#039;re DC&#039;s Credit Union\",\"potentialAction\":[{\"@type\":\"SearchAction\",\"target\":{\"@type\":\"EntryPoint\",\"urlTemplate\":\"https:\/\/www.dccreditunion.coop\/?s={search_term_string}\"},\"query-input\":{\"@type\":\"PropertyValueSpecification\",\"valueRequired\":true,\"valueName\":\"search_term_string\"}}],\"inLanguage\":\"es-ES\"}]}<\/script>\n<!-- \/ Yoast SEO plugin. -->","yoast_head_json":{"title":"Pr\u00e9stamos estudiantiles m\u00e1s inteligentes - DC Credit Union","robots":{"index":"index","follow":"follow","max-snippet":"max-snippet:-1","max-image-preview":"max-image-preview:large","max-video-preview":"max-video-preview:-1"},"canonical":"https:\/\/www.dccreditunion.coop\/es\/personal\/prestamos-estudiantiles-mas-inteligentes\/","og_locale":"es_ES","og_type":"article","og_title":"Smarter Student Loans - DC Credit Union","og_url":"https:\/\/www.dccreditunion.coop\/es\/personal\/prestamos-estudiantiles-mas-inteligentes\/","og_site_name":"DC Credit Union","article_modified_time":"2026-03-12T04:29:07+00:00","twitter_card":"summary_large_image","schema":{"@context":"https:\/\/schema.org","@graph":[{"@type":"WebPage","@id":"https:\/\/www.dccreditunion.coop\/personal\/smarter-student-loans\/","url":"https:\/\/www.dccreditunion.coop\/personal\/smarter-student-loans\/","name":"Pr\u00e9stamos estudiantiles m\u00e1s inteligentes - DC Credit Union","isPartOf":{"@id":"https:\/\/www.dccreditunion.coop\/#website"},"datePublished":"2025-03-06T00:18:48+00:00","dateModified":"2026-03-12T04:29:07+00:00","breadcrumb":{"@id":"https:\/\/www.dccreditunion.coop\/personal\/smarter-student-loans\/#breadcrumb"},"inLanguage":"es-ES","potentialAction":[{"@type":"ReadAction","target":["https:\/\/www.dccreditunion.coop\/personal\/smarter-student-loans\/"]}]},{"@type":"BreadcrumbList","@id":"https:\/\/www.dccreditunion.coop\/personal\/smarter-student-loans\/#breadcrumb","itemListElement":[{"@type":"ListItem","position":1,"name":"Home","item":"https:\/\/www.dccreditunion.coop\/"},{"@type":"ListItem","position":2,"name":"Personal","item":"https:\/\/www.dccreditunion.coop\/personal\/"},{"@type":"ListItem","position":3,"name":"Smarter Student Loans"}]},{"@type":"WebSite","@id":"https:\/\/www.dccreditunion.coop\/#website","url":"https:\/\/www.dccreditunion.coop\/","name":"Cooperativa de cr\u00e9dito de DC","description":"Somos la cooperativa de cr\u00e9dito de DC","potentialAction":[{"@type":"SearchAction","target":{"@type":"EntryPoint","urlTemplate":"https:\/\/www.dccreditunion.coop\/?s={search_term_string}"},"query-input":{"@type":"PropertyValueSpecification","valueRequired":true,"valueName":"search_term_string"}}],"inLanguage":"es-ES"}]}},"_links":{"self":[{"href":"https:\/\/www.dccreditunion.coop\/es\/wp-json\/wp\/v2\/pages\/2531","targetHints":{"allow":["GET"]}}],"collection":[{"href":"https:\/\/www.dccreditunion.coop\/es\/wp-json\/wp\/v2\/pages"}],"about":[{"href":"https:\/\/www.dccreditunion.coop\/es\/wp-json\/wp\/v2\/types\/page"}],"author":[{"embeddable":true,"href":"https:\/\/www.dccreditunion.coop\/es\/wp-json\/wp\/v2\/users\/11"}],"replies":[{"embeddable":true,"href":"https:\/\/www.dccreditunion.coop\/es\/wp-json\/wp\/v2\/comments?post=2531"}],"version-history":[{"count":2,"href":"https:\/\/www.dccreditunion.coop\/es\/wp-json\/wp\/v2\/pages\/2531\/revisions"}],"predecessor-version":[{"id":3453,"href":"https:\/\/www.dccreditunion.coop\/es\/wp-json\/wp\/v2\/pages\/2531\/revisions\/3453"}],"up":[{"embeddable":true,"href":"https:\/\/www.dccreditunion.coop\/es\/wp-json\/wp\/v2\/pages\/2516"}],"wp:attachment":[{"href":"https:\/\/www.dccreditunion.coop\/es\/wp-json\/wp\/v2\/media?parent=2531"}],"curies":[{"name":"wp","href":"https:\/\/api.w.org\/{rel}","templated":true}]}}