{"id":2525,"date":"2025-03-06T00:18:48","date_gmt":"2025-03-06T00:18:48","guid":{"rendered":"https:\/\/dccreditunion.kinsta.cloud\/personal\/services\/membership-perks\/"},"modified":"2026-03-11T23:12:21","modified_gmt":"2026-03-12T04:12:21","slug":"beneficios-de-la-membresia","status":"publish","type":"page","link":"https:\/\/www.dccreditunion.coop\/es\/personal\/servicios\/beneficios-de-la-membresia\/","title":{"rendered":"Beneficios de la membres\u00eda"},"content":{"rendered":"<div class=\"co-flex_row co-flex_row__page-hero\" ><div class=\"co-flex_row--row co-row\">\t<header class=\"co-page_hero co-page_hero--bg_teal co-page_hero__has_image display-img-desktop display-img-mobile\" aria-label=\"Encabezado: Beneficios de la membres\u00eda\">\n\t\t<div class=\"co-page_hero--inner\">\n\t\t\t\t\t\t<div class=\"co-page_hero--grid\">\n\t\t\t\t<div class=\"co-page_hero--text\">\n\t\t\t\t\t<div class=\"co-page_hero--text_inner\">\n\t\t\t\t\t\t\t\t\t\t\t\t<h1 class=\"co-page_hero--title\">\n\t\t\t\t\t\t\tBeneficios de la membres\u00eda\t\t\t\t\t\t<\/h1>\n\t\t\t\t\t\t<p class=\"co-page_hero--tagline\">\u00a1Cooperativa de Cr\u00e9dito DC! Ser miembro tiene sus ventajas.<\/p>\t\t\t\t\t<\/div>\n\t\t\t\t<\/div>\n\t\t\t\t\t\t\t\t\t<div class=\"co-page_hero--images\">\n\t\t\t\t\t\t\t\t\t\t\t\t\t<div class=\"co-page_hero--img_wrap\">\n\t\t\t\t\t\t\t\t<img width=\"730\" height=\"487\" src=\"https:\/\/www.dccreditunion.coop\/files\/AdobeStock_97066563-730x487.jpeg\" class=\"co-page_hero--img\" alt=\"Ni\u00f1os tumbados sobre hojas\" loading=\"eager\" fetchpriority=\"high\" decoding=\"async\" srcset=\"https:\/\/www.dccreditunion.coop\/files\/AdobeStock_97066563-730x487.jpeg 730w, https:\/\/www.dccreditunion.coop\/files\/AdobeStock_97066563-540x360.jpeg 540w, https:\/\/www.dccreditunion.coop\/files\/AdobeStock_97066563-768x512.jpeg 768w, https:\/\/www.dccreditunion.coop\/files\/AdobeStock_97066563-1536x1024.jpeg 1536w, https:\/\/www.dccreditunion.coop\/files\/AdobeStock_97066563-2048x1365.jpeg 2048w, https:\/\/www.dccreditunion.coop\/files\/AdobeStock_97066563-18x12.jpeg 18w, https:\/\/www.dccreditunion.coop\/files\/AdobeStock_97066563-396x264.jpeg 396w, https:\/\/www.dccreditunion.coop\/files\/AdobeStock_97066563-840x560.jpeg 840w, https:\/\/www.dccreditunion.coop\/files\/AdobeStock_97066563-75x50.jpeg 75w\" sizes=\"(max-width: 730px) 100vw, 730px\" \/>\t\t\t\t\t\t\t<\/div>\n\t\t\t\t\t\t\t\t\t\t\t\t\t\t\t\t\t\t\t<div class=\"co-page_hero--img_wrap\">\n\t\t\t\t\t\t\t\t<img width=\"730\" height=\"409\" src=\"https:\/\/www.dccreditunion.coop\/files\/AdobeStock_895269178-1-730x409.jpeg\" class=\"co-page_hero--img_brand\" alt=\"Las hojas de arce oto\u00f1ales ca\u00eddas de color marr\u00f3n y naranja yacen sobre el fondo del suelo.\" loading=\"eager\" fetchpriority=\"high\" decoding=\"async\" srcset=\"https:\/\/www.dccreditunion.coop\/files\/AdobeStock_895269178-1-730x409.jpeg 730w, https:\/\/www.dccreditunion.coop\/files\/AdobeStock_895269178-1-540x303.jpeg 540w, https:\/\/www.dccreditunion.coop\/files\/AdobeStock_895269178-1-768x430.jpeg 768w, https:\/\/www.dccreditunion.coop\/files\/AdobeStock_895269178-1-1536x861.jpeg 1536w, https:\/\/www.dccreditunion.coop\/files\/AdobeStock_895269178-1-2048x1148.jpeg 2048w, https:\/\/www.dccreditunion.coop\/files\/AdobeStock_895269178-1-18x10.jpeg 18w, https:\/\/www.dccreditunion.coop\/files\/AdobeStock_895269178-1-396x222.jpeg 396w, https:\/\/www.dccreditunion.coop\/files\/AdobeStock_895269178-1-840x471.jpeg 840w, https:\/\/www.dccreditunion.coop\/files\/AdobeStock_895269178-1-75x42.jpeg 75w\" sizes=\"(max-width: 730px) 100vw, 730px\" \/>\t\t\t\t\t\t\t<\/div>\n\t\t\t\t\t\t\t\t\t\t\t<\/div>\n\t\t\t\t\t\t\t\t<div class=\"co-page_hero--right_bg\"><\/div>\n\t\t\t<\/div>\n\t\t<\/div>\n\t<\/header>\n<\/div><\/div>\n\n<div class=\"co-flex_row co-flex_row__white co-flex_row__page-intro\" ><div class=\"co-flex_row--row co-row\">\t<div class=\"co-page_intro\">\n\t\t<h2 class=\"co-page_intro--title\">Nos alegra que seas miembro.<\/h2><div class=\"co-page_intro--desc text-component\"><p>Para mostrar nuestro agradecimiento, tenemos dos programas que ofrecen algunos beneficios muy especiales.<\/p>\n<ul>\n<li class=\"co-intro--feat_item l-large--6_12 l-medium--3_6 l-large__first l-medium__first\">CU*Perks recompensa a nuestros miembros que aprovechan al m\u00e1ximo su membres\u00eda en DC Credit Union.<\/li>\n<li class=\"co-intro--feat_item l-large--6_12 l-medium--3_6\">Diamond Dividends es un paquete especial de beneficios para miembros de 60 a\u00f1os o m\u00e1s.<\/li>\n<\/ul>\n<\/div>\t<\/div>\n<\/div><\/div>\n\n<div class=\"co-flex_row co-flex_row__white co-flex_row__columns\" ><div class=\"co-flex_row--row co-row\">\t<div class=\"co-columns\">\n\t\t\t\t\t<div class=\"co-columns--row prow prow-md:2 prow-lg:2 co-columns--row__none justify-center\">\n\t\t\t\t\t\t\t\t\t<div class=\"co-columns--box\">\n\t\t\t\t\t\t<h2 class=\"co-columns--box_headline\" >Sea recompensado con CU*Perks<\/h2><div class=\"co-columns--box_desc text-component\"><p>Hemos dise\u00f1ado un programa de fidelizaci\u00f3n para recompensarte por aprovechar al m\u00e1ximo tu membres\u00eda en la cooperativa de cr\u00e9dito. Para calificar para CU*Perks, debes:<\/p>\n<ul>\n<li>Mantener una cuenta corriente activa<\/li>\n<li>Tener una cuenta de pr\u00e9stamo<\/li>\n<li>Realizar al menos una transacci\u00f3n con PIN de cajero autom\u00e1tico durante el mes<\/li>\n<li>Realizar al menos una transacci\u00f3n de firma con tarjeta de d\u00e9bito Visa durante el mes<\/li>\n<li>Recibir estados de cuenta electr\u00f3nicos<\/li>\n<li>Tener un dep\u00f3sito directo de al menos $200 al mes<\/li>\n<li>Ser un miembro al corriente de sus obligaciones, sin cuentas sobregiradas<\/li>\n<\/ul>\n<p><strong>C\u00f3mo funciona:<\/strong>\u00a0Al final de cada mes, determinamos si ha cumplido con todos los requisitos anteriores y podr\u00e1 acceder a CU*Perks el mes siguiente. Si no cumple con los requisitos para un mes determinado, es muy posible que pueda acceder al siguiente si cumple con los requisitos. Si un miembro de su hogar cumple con los requisitos, todos los miembros de su hogar podr\u00e1n acceder a CU*Perks ese mes.<\/p>\n<\/div><div class=\"co-columns--box_button\"><\/div>\t\t\t\t\t<\/div>\n\t\t\t\t\t\t\t\t\t<div class=\"co-columns--box\">\n\t\t\t\t\t\t<h2 class=\"co-columns--box_headline\" >\u00a1Vale la pena ganar esos puntos! Las recompensas de CU*Perks incluyen:<\/h2><div class=\"co-columns--box_desc text-component\"><ul>\n<li>Transacciones gratuitas en cajeros autom\u00e1ticos<\/li>\n<li>Transacciones gratuitas en sucursales compartidas<\/li>\n<li>Transferencias telef\u00f3nicas gratuitas<\/li>\n<li>Controles oficiales gratuitos<\/li>\n<li>Giros postales gratis<\/li>\n<li>Ofertas especiales solo para miembros de CU*Perks<\/li>\n<\/ul>\n<\/div><div class=\"co-columns--box_button\"><\/div>\t\t\t\t\t<\/div>\n\t\t\t\t\t\t\t\t\t<div class=\"co-columns--box\">\n\t\t\t\t\t\t<h2 class=\"co-columns--box_headline\" >\u00bfTienes m\u00e1s de 60 a\u00f1os? \u00a1Hazte socio de Diamond Dividends!<\/h2><div class=\"co-columns--box_desc text-component\"><p>Para honrar a nuestros miembros mayores, ofrecemos un paquete especial de beneficios para aquellos de 60 a\u00f1os o m\u00e1s:<\/p>\n<ul>\n<li><strong>Cuenta del mercado monetario.<\/strong>\u00a0Una cuenta de ahorros que genera mayores dividendos, con cheques gratuitos para f\u00e1cil acceso.<\/li>\n<li><strong>Tarjeta Visa Platinum Rewards SIN comisi\u00f3n<\/strong>Eliminamos la cuota anual y usted obtendr\u00e1 recompensas ScoreCard, adelantos de efectivo y transferencias de saldo gratis, y l\u00edmites de cr\u00e9dito de hasta $15,000.<\/li>\n<li><strong>6% APY cuando ahorras para un nieto.<\/strong>\u00a0Abra una cuenta de ahorros para un familiar menor de edad y obtendr\u00e1 un APY especial de 6.0% en los primeros $1,500 depositados.*<\/li>\n<li><strong>$500 de descuento en los costos de cierre de la l\u00ednea de cr\u00e9dito con garant\u00eda hipotecaria<\/strong>Un incentivo especial para utilizar el valor neto de su vivienda, y puede usarlo en cualquier momento que surja la necesidad.<\/li>\n<li><strong>Seminarios gratuitos de almuerzo y aprendizaje<\/strong>, eventos especiales y mucho m\u00e1s.<\/li>\n<\/ul>\n<p>&nbsp;<\/p>\n<p><u><a href=\"mailto:info@dccreditunion.coop\" target=\"_blank\" rel=\"noopener\">Env\u00edenos un correo electr\u00f3nico para activar sus Dividendos Diamante<\/a><\/u><\/p>\n<\/div><div class=\"co-columns--box_button\"><\/div>\t\t\t\t\t<\/div>\n\t\t\t\t\t\t\t\t\t<div class=\"co-columns--box\">\n\t\t\t\t\t\t<h2 class=\"co-columns--box_headline\" >\u00bfQui\u00e9n es elegible para los Dividendos Diamante?<\/h2><div class=\"co-columns--box_desc text-component\"><ul>\n<li>Personas de 60 a\u00f1os o m\u00e1s<\/li>\n<li>Debe mantener un dep\u00f3sito directo en DC Credit Union**<\/li>\n<\/ul>\n<\/div><div class=\"co-columns--box_button\"><\/div>\t\t\t\t\t<\/div>\n\t\t\t\t\t\t\t<\/div>\n\t\t\t\t<\/div>\n<\/div><\/div>\n\n<div class=\"co-flex_row co-flex_row__white co-flex_row__multi-path-cta\" ><div class=\"co-flex_row--row co-row\">\t<div class=\"co-mp_ctas\">\n\t\t\t\t<header class=\"co-intro_text\">\n\t\t\t<h2 class=\"co-intro_text--title\">\u00bfBuscas m\u00e1s informaci\u00f3n sobre estos beneficios de membres\u00eda?<\/h2>\t\t<\/header>\n\t\t\t\t<div class=\"co-mp_ctas--list prow justify-center\">\n\t\t\t\t\t\t\t\t\t\t\t<div class=\"co-mp_cta pcol-lg:4\">\n\t\t\t\t\t<div class=\"co-mp_cta--title\">\n\t\t\t\t\t\tPase por una sucursal local\t\t\t\t\t<\/div>\n\t\t\t\t\t<a class=\"co-mp_cta--link gtm-button\" href=\"https:\/\/www.dccreditunion.coop\/es\/sucursales-cajeros-automaticos\/\"  >Encuentra tu sucursal m\u00e1s cercana<\/a>\t\t\t\t<\/div>\n\t\t\t\t\t\t\t\t\t\t\t<div class=\"co-mp_cta pcol-lg:4\">\n\t\t\t\t\t<div class=\"co-mp_cta--title\">\n\t\t\t\t\t\tLl\u00e1manos\t\t\t\t\t<\/div>\n\t\t\t\t\t<a class=\"co-mp_cta--link gtm-button\" href=\"tel:7713332038\" target=\"_blank\" >771-333-2038<\/a>\t\t\t\t<\/div>\n\t\t\t\t\t<\/div>\n\t<\/div>\n<\/div><\/div>\n\n<div class=\"co-flex_row co-flex_row__white co-flex_row__last co-flex_row__disclosures\" ><div class=\"co-flex_row--row co-row\">\t<div class=\"co-disclosures\">\n\t\t<h2 class=\"co-disclosures--title\">Divulgaciones<\/h2>\n\t\t<dl class=\"co-disclosures--list\">\n\t\t\t\t\t\t\t<div class=\"co-disclosure\">\n\t\t\t\t\t<dd class=\"co-disclosure--desc\">\n\t\t\t\t\t\t\t\t\t\t\t\t<div class=\"text-component\"><p>*El porcentaje de rendimiento anual (APY) especial 6.0% requiere una transferencia autom\u00e1tica de su cuenta a la del ni\u00f1o.<\/p>\n<p>**El dep\u00f3sito directo es un dep\u00f3sito electr\u00f3nico de fondos, como su cheque de pago, pago de seguro social o ingresos de jubilaci\u00f3n, en su cuenta corriente.<\/p>\n<\/div>\t\t\t\t\t<\/dd>\n\t\t\t\t<\/div>\n\t\t\t\t\t<\/dl>\n\t<\/div>\n<\/div><\/div>","protected":false},"excerpt":{"rendered":"","protected":false},"author":11,"featured_media":0,"parent":2523,"menu_order":0,"comment_status":"closed","ping_status":"closed","template":"","meta":{"_acf_changed":false,"_searchwp_excluded":"","footnotes":""},"class_list":["post-2525","page","type-page","status-publish","hentry"],"acf":[],"yoast_head":"<!-- This site is optimized with the Yoast SEO plugin v27.2 - https:\/\/yoast.com\/product\/yoast-seo-wordpress\/ -->\n<title>Membership Perks - DC Credit Union<\/title>\n<meta name=\"robots\" content=\"index, follow, max-snippet:-1, max-image-preview:large, max-video-preview:-1\" \/>\n<link rel=\"canonical\" href=\"https:\/\/www.dccreditunion.coop\/es\/personal\/servicios\/beneficios-de-la-membresia\/\" \/>\n<meta property=\"og:locale\" content=\"es_ES\" \/>\n<meta property=\"og:type\" content=\"article\" \/>\n<meta property=\"og:title\" content=\"Membership Perks - DC Credit Union\" \/>\n<meta property=\"og:url\" content=\"https:\/\/www.dccreditunion.coop\/es\/personal\/servicios\/beneficios-de-la-membresia\/\" \/>\n<meta property=\"og:site_name\" content=\"DC Credit Union\" \/>\n<meta property=\"article:modified_time\" content=\"2026-03-12T04:12:21+00:00\" \/>\n<meta name=\"twitter:card\" content=\"summary_large_image\" \/>\n<script type=\"application\/ld+json\" class=\"yoast-schema-graph\">{\"@context\":\"https:\/\/schema.org\",\"@graph\":[{\"@type\":\"WebPage\",\"@id\":\"https:\/\/www.dccreditunion.coop\/personal\/services\/membership-perks\/\",\"url\":\"https:\/\/www.dccreditunion.coop\/personal\/services\/membership-perks\/\",\"name\":\"Membership Perks - DC Credit Union\",\"isPartOf\":{\"@id\":\"https:\/\/www.dccreditunion.coop\/#website\"},\"datePublished\":\"2025-03-06T00:18:48+00:00\",\"dateModified\":\"2026-03-12T04:12:21+00:00\",\"breadcrumb\":{\"@id\":\"https:\/\/www.dccreditunion.coop\/personal\/services\/membership-perks\/#breadcrumb\"},\"inLanguage\":\"es-ES\",\"potentialAction\":[{\"@type\":\"ReadAction\",\"target\":[\"https:\/\/www.dccreditunion.coop\/personal\/services\/membership-perks\/\"]}]},{\"@type\":\"BreadcrumbList\",\"@id\":\"https:\/\/www.dccreditunion.coop\/personal\/services\/membership-perks\/#breadcrumb\",\"itemListElement\":[{\"@type\":\"ListItem\",\"position\":1,\"name\":\"Home\",\"item\":\"https:\/\/www.dccreditunion.coop\/\"},{\"@type\":\"ListItem\",\"position\":2,\"name\":\"Personal\",\"item\":\"https:\/\/www.dccreditunion.coop\/personal\/\"},{\"@type\":\"ListItem\",\"position\":3,\"name\":\"Services\",\"item\":\"https:\/\/www.dccreditunion.coop\/personal\/services\/\"},{\"@type\":\"ListItem\",\"position\":4,\"name\":\"Membership Perks\"}]},{\"@type\":\"WebSite\",\"@id\":\"https:\/\/www.dccreditunion.coop\/#website\",\"url\":\"https:\/\/www.dccreditunion.coop\/\",\"name\":\"DC Credit Union\",\"description\":\"We&#039;re DC&#039;s Credit Union\",\"potentialAction\":[{\"@type\":\"SearchAction\",\"target\":{\"@type\":\"EntryPoint\",\"urlTemplate\":\"https:\/\/www.dccreditunion.coop\/?s={search_term_string}\"},\"query-input\":{\"@type\":\"PropertyValueSpecification\",\"valueRequired\":true,\"valueName\":\"search_term_string\"}}],\"inLanguage\":\"es-ES\"}]}<\/script>\n<!-- \/ Yoast SEO plugin. -->","yoast_head_json":{"title":"Beneficios de la membres\u00eda - Cooperativa de Cr\u00e9dito DC","robots":{"index":"index","follow":"follow","max-snippet":"max-snippet:-1","max-image-preview":"max-image-preview:large","max-video-preview":"max-video-preview:-1"},"canonical":"https:\/\/www.dccreditunion.coop\/es\/personal\/servicios\/beneficios-de-la-membresia\/","og_locale":"es_ES","og_type":"article","og_title":"Membership Perks - DC Credit Union","og_url":"https:\/\/www.dccreditunion.coop\/es\/personal\/servicios\/beneficios-de-la-membresia\/","og_site_name":"DC Credit Union","article_modified_time":"2026-03-12T04:12:21+00:00","twitter_card":"summary_large_image","schema":{"@context":"https:\/\/schema.org","@graph":[{"@type":"WebPage","@id":"https:\/\/www.dccreditunion.coop\/personal\/services\/membership-perks\/","url":"https:\/\/www.dccreditunion.coop\/personal\/services\/membership-perks\/","name":"Beneficios de la membres\u00eda - Cooperativa de Cr\u00e9dito DC","isPartOf":{"@id":"https:\/\/www.dccreditunion.coop\/#website"},"datePublished":"2025-03-06T00:18:48+00:00","dateModified":"2026-03-12T04:12:21+00:00","breadcrumb":{"@id":"https:\/\/www.dccreditunion.coop\/personal\/services\/membership-perks\/#breadcrumb"},"inLanguage":"es-ES","potentialAction":[{"@type":"ReadAction","target":["https:\/\/www.dccreditunion.coop\/personal\/services\/membership-perks\/"]}]},{"@type":"BreadcrumbList","@id":"https:\/\/www.dccreditunion.coop\/personal\/services\/membership-perks\/#breadcrumb","itemListElement":[{"@type":"ListItem","position":1,"name":"Home","item":"https:\/\/www.dccreditunion.coop\/"},{"@type":"ListItem","position":2,"name":"Personal","item":"https:\/\/www.dccreditunion.coop\/personal\/"},{"@type":"ListItem","position":3,"name":"Services","item":"https:\/\/www.dccreditunion.coop\/personal\/services\/"},{"@type":"ListItem","position":4,"name":"Membership Perks"}]},{"@type":"WebSite","@id":"https:\/\/www.dccreditunion.coop\/#website","url":"https:\/\/www.dccreditunion.coop\/","name":"Cooperativa de cr\u00e9dito de DC","description":"Somos la cooperativa de cr\u00e9dito de DC","potentialAction":[{"@type":"SearchAction","target":{"@type":"EntryPoint","urlTemplate":"https:\/\/www.dccreditunion.coop\/?s={search_term_string}"},"query-input":{"@type":"PropertyValueSpecification","valueRequired":true,"valueName":"search_term_string"}}],"inLanguage":"es-ES"}]}},"_links":{"self":[{"href":"https:\/\/www.dccreditunion.coop\/es\/wp-json\/wp\/v2\/pages\/2525","targetHints":{"allow":["GET"]}}],"collection":[{"href":"https:\/\/www.dccreditunion.coop\/es\/wp-json\/wp\/v2\/pages"}],"about":[{"href":"https:\/\/www.dccreditunion.coop\/es\/wp-json\/wp\/v2\/types\/page"}],"author":[{"embeddable":true,"href":"https:\/\/www.dccreditunion.coop\/es\/wp-json\/wp\/v2\/users\/11"}],"replies":[{"embeddable":true,"href":"https:\/\/www.dccreditunion.coop\/es\/wp-json\/wp\/v2\/comments?post=2525"}],"version-history":[{"count":3,"href":"https:\/\/www.dccreditunion.coop\/es\/wp-json\/wp\/v2\/pages\/2525\/revisions"}],"predecessor-version":[{"id":3420,"href":"https:\/\/www.dccreditunion.coop\/es\/wp-json\/wp\/v2\/pages\/2525\/revisions\/3420"}],"up":[{"embeddable":true,"href":"https:\/\/www.dccreditunion.coop\/es\/wp-json\/wp\/v2\/pages\/2523"}],"wp:attachment":[{"href":"https:\/\/www.dccreditunion.coop\/es\/wp-json\/wp\/v2\/media?parent=2525"}],"curies":[{"name":"wp","href":"https:\/\/api.w.org\/{rel}","templated":true}]}}