{"id":2512,"date":"2025-03-06T00:18:47","date_gmt":"2025-03-06T00:18:47","guid":{"rendered":"https:\/\/dccreditunion.kinsta.cloud\/who-we-are\/about-dc-credit-union\/"},"modified":"2026-03-11T22:56:50","modified_gmt":"2026-03-12T03:56:50","slug":"acerca-de-dc-credit-union","status":"publish","type":"page","link":"https:\/\/www.dccreditunion.coop\/es\/quienes-somos\/acerca-de-dc-credit-union\/","title":{"rendered":"Acerca de DC Credit Union"},"content":{"rendered":"<div class=\"co-flex_row co-flex_row__page-hero\" ><div class=\"co-flex_row--row co-row\">\t<header class=\"co-page_hero co-page_hero--bg_teal co-page_hero__has_image display-img-desktop display-img-mobile\" aria-label=\"Encabezado: Cooperativa de Cr\u00e9dito DC\">\n\t\t<div class=\"co-page_hero--inner\">\n\t\t\t\t\t\t<div class=\"co-page_hero--grid\">\n\t\t\t\t<div class=\"co-page_hero--text\">\n\t\t\t\t\t<div class=\"co-page_hero--text_inner\">\n\t\t\t\t\t\t\t\t\t\t\t\t<h1 class=\"co-page_hero--title\">\n\t\t\t\t\t\t\tCooperativa de cr\u00e9dito de DC\t\t\t\t\t\t<\/h1>\n\t\t\t\t\t\t<p class=\"co-page_hero--tagline\">Creemos en lo primero <em>y<\/em> segundas oportunidades.<\/p>\t\t\t\t\t\t\t<div class=\"co-page_hero--buttons\">\n\t\t\t\t\t\t\t\t<a class=\"co-page_hero--button gtm-button\" href=\"https:\/\/www.dccreditunion.coop\/es\/unirse\/\"  >\u00danase a nosotros<\/a>\t\t\t\t\t\t\t<\/div>\n\t\t\t\t\t\t\t\t\t\t\t\t<\/div>\n\t\t\t\t<\/div>\n\t\t\t\t\t\t\t\t\t<div class=\"co-page_hero--images\">\n\t\t\t\t\t\t\t\t\t\t\t\t\t<div class=\"co-page_hero--img_wrap\">\n\t\t\t\t\t\t\t\t<img width=\"730\" height=\"385\" src=\"https:\/\/www.dccreditunion.coop\/files\/AdobeStock_834573860-730x385.jpeg\" class=\"co-page_hero--img\" alt=\"Agrupaci\u00f3n de personas al aire libre, con entusiasmo, colaborando, trabajando en equipo y solidariamente en obras ben\u00e9ficas. Abraza, sonr\u00ede y participa como voluntario o miembro de una ONG en el parque, en cooperaci\u00f3n, comunidad y apoyo mutuo.\" loading=\"eager\" fetchpriority=\"high\" decoding=\"async\" srcset=\"https:\/\/www.dccreditunion.coop\/files\/AdobeStock_834573860-730x385.jpeg 730w, https:\/\/www.dccreditunion.coop\/files\/AdobeStock_834573860-540x285.jpeg 540w, https:\/\/www.dccreditunion.coop\/files\/AdobeStock_834573860-768x405.jpeg 768w, https:\/\/www.dccreditunion.coop\/files\/AdobeStock_834573860-1536x810.jpeg 1536w, https:\/\/www.dccreditunion.coop\/files\/AdobeStock_834573860-2048x1080.jpeg 2048w, https:\/\/www.dccreditunion.coop\/files\/AdobeStock_834573860-18x9.jpeg 18w, https:\/\/www.dccreditunion.coop\/files\/AdobeStock_834573860-396x209.jpeg 396w, https:\/\/www.dccreditunion.coop\/files\/AdobeStock_834573860-840x443.jpeg 840w, https:\/\/www.dccreditunion.coop\/files\/AdobeStock_834573860-75x40.jpeg 75w\" sizes=\"(max-width: 730px) 100vw, 730px\" \/>\t\t\t\t\t\t\t<\/div>\n\t\t\t\t\t\t\t\t\t\t\t\t\t\t\t\t\t\t\t<div class=\"co-page_hero--img_wrap\">\n\t\t\t\t\t\t\t\t<img width=\"730\" height=\"487\" src=\"https:\/\/www.dccreditunion.coop\/files\/AdobeStock_129054932-730x487.jpeg\" class=\"co-page_hero--img_brand\" alt=\"Washington DC, EE.UU., en la cuenca de marea con el Monumento a Washington en la temporada de primavera.\" loading=\"eager\" fetchpriority=\"high\" decoding=\"async\" srcset=\"https:\/\/www.dccreditunion.coop\/files\/AdobeStock_129054932-730x487.jpeg 730w, https:\/\/www.dccreditunion.coop\/files\/AdobeStock_129054932-540x360.jpeg 540w, https:\/\/www.dccreditunion.coop\/files\/AdobeStock_129054932-768x512.jpeg 768w, https:\/\/www.dccreditunion.coop\/files\/AdobeStock_129054932-1536x1024.jpeg 1536w, https:\/\/www.dccreditunion.coop\/files\/AdobeStock_129054932-2048x1365.jpeg 2048w, https:\/\/www.dccreditunion.coop\/files\/AdobeStock_129054932-18x12.jpeg 18w, https:\/\/www.dccreditunion.coop\/files\/AdobeStock_129054932-396x264.jpeg 396w, https:\/\/www.dccreditunion.coop\/files\/AdobeStock_129054932-840x560.jpeg 840w, https:\/\/www.dccreditunion.coop\/files\/AdobeStock_129054932-75x50.jpeg 75w\" sizes=\"(max-width: 730px) 100vw, 730px\" \/>\t\t\t\t\t\t\t<\/div>\n\t\t\t\t\t\t\t\t\t\t\t<\/div>\n\t\t\t\t\t\t\t\t<div class=\"co-page_hero--right_bg\"><\/div>\n\t\t\t<\/div>\n\t\t<\/div>\n\t<\/header>\n<\/div><\/div>\n\n<div class=\"co-flex_row co-flex_row__white co-flex_row__page-intro\" ><div class=\"co-flex_row--row co-row\">\t<div class=\"co-page_intro\">\n\t\t<h2 class=\"co-page_intro--title\">Desarrollar comunidades a trav\u00e9s del acceso al cr\u00e9dito.<\/h2><div class=\"co-page_intro--desc text-component\"><p>Desde nuestra fundaci\u00f3n en la d\u00e9cada de 1950, nos hemos dedicado a facilitar el acceso al cr\u00e9dito para todos en la comunidad como herramienta para el desarrollo econ\u00f3mico. Nos enorgullece ser una Instituci\u00f3n Financiera de Desarrollo Comunitario (CDFI) que ofrece servicios bancarios asequibles y seguros a quienes m\u00e1s los necesitan y trabaja con nuestros miembros para impulsar la transformaci\u00f3n financiera en sus vidas.<\/p>\n<\/div>\t<\/div>\n<\/div><\/div>\n\n<div class=\"co-flex_row co-flex_row__white co-flex_row__columns\" ><div class=\"co-flex_row--row co-row\">\t<div class=\"co-columns\">\n\t\t\t\t\t<div class=\"co-columns--row prow prow-md:2 prow-lg:3 co-columns--row__none justify-center\">\n\t\t\t\t\t\t\t\t\t<div class=\"co-columns--box\">\n\t\t\t\t\t\t<h2 class=\"co-columns--box_headline\" >Empleados del gobierno del distrito en servicio<\/h2><div class=\"co-columns--box_desc text-component\"><p>Originalmente una cooperativa de cr\u00e9dito basada en empleadores, todav\u00eda brindamos a miles de empleados del Distrito acceso a servicios bancarios asequibles y seguros.<\/p>\n<\/div><div class=\"co-columns--box_button\"><\/div>\t\t\t\t\t<\/div>\n\t\t\t\t\t\t\t\t\t<div class=\"co-columns--box\">\n\t\t\t\t\t\t<h2 class=\"co-columns--box_headline\" >Llevando la banca a comunidades desatendidas<\/h2><div class=\"co-columns--box_desc text-component\"><p>DC Credit Union se compromete a servir tambi\u00e9n a las personas subbancarizadas y no bancarizadas, es decir, a aquellos con poco o ning\u00fan acceso a las instituciones financieras tradicionales, que a menudo dependen de costosos servicios de cambio de cheques y de prestamistas abusivos.<\/p>\n<\/div><div class=\"co-columns--box_button\"><a class=\"co-columns--button co-button gtm-button\" href=\"https:\/\/www.dccreditunion.coop\/es\/quienes-somos\/nuestros-socios-comunitarios-2\/\"  >Conozca m\u00e1s sobre nuestras asociaciones comunitarias<\/a><\/div>\t\t\t\t\t<\/div>\n\t\t\t\t\t\t\t\t\t<div class=\"co-columns--box\">\n\t\t\t\t\t\t<h2 class=\"co-columns--box_headline\" >Sirviendo a la comunidad latina y a los inmigrantes<\/h2><div class=\"co-columns--box_desc text-component\"><p>Para empoderar a una comunidad en crecimiento, ofrecemos un servicio biling\u00fce, requisitos de identificaci\u00f3n flexibles, remesas a precios razonables, pr\u00e9stamos de solicitud de ciudadan\u00eda, etc.\u00a0<a href=\"https:\/\/www.dccreditunion.coop\/es\/cuentas-seguras\/\">Nuevo programa de pr\u00e9stamos estadounidenses<\/a>, y m\u00e1s.<\/p>\n<\/div><div class=\"co-columns--box_button\"><a class=\"co-columns--button co-button gtm-button\" href=\"https:\/\/www.dccreditunion.coop\/es\/sucursal-de-acceso\/\"  >Conozca nuestra sucursal ACCESO<\/a><\/div>\t\t\t\t\t<\/div>\n\t\t\t\t\t\t\t<\/div>\n\t\t\t\t<\/div>\n<\/div><\/div>\n\n<div class=\"co-flex_row co-flex_row__white co-flex_row__brand-statement\" ><div class=\"co-flex_row--row co-row\"><div class=\"co-brandStatement\">\n\t<div class=\"prow items-center gap:0\">\n\t\t<div class=\"pcol-md:2\">\n\t\t\t<svg class=\"icon-svg\" viewbox=\"0 0 62 58\">\n\t\t\t\t<use xlink:href=\"https:\/\/www.dccreditunion.coop\/wp-content\/themes\/dccu-theme\/images\/sprite-icons.svg?v=1773336553#star-small\" \/>\n\t\t\t<\/svg>\n\t\t<\/div>\n\t\t<div class=\"pcol-md:10\">\n\t\t\t<div class=\"co-brandStatement--text text-component\"><p>Recupere su comunidad.<\/p>\n<\/div>\t\t<\/div>\n\t<\/div>\n<\/div>\n<\/div><\/div>\n\n<div class=\"co-flex_row co-flex_row__white co-flex_row__member-story-featured\" ><div class=\"co-flex_row--row co-row\">\t<div class=\"co-featStories\">\n\t\t\t\t<div class=\"co-featStories--list\">\n\t\t\t\t\t\t\t<div class=\"co-featStories--item bg-color-teal\">\n\t\t\t\t\t<div class=\"prow gap:0\">\n\t\t\t\t\t\t<div class=\"co-featStories--text pcol-md:5\">\n\t\t\t\t\t\t\t<span class=\"co-featStories--greeting\">Encontrarse<\/span>\n\t\t\t\t\t\t\t<h2 class=\"co-featStories--headline\" ><svg class=\"icon-svg\" viewbox=\"0 0 62 58\"><use xlink:href=\"https:\/\/www.dccreditunion.coop\/wp-content\/themes\/dccu-theme\/images\/sprite-icons.svg?v=1773336553#star-small\" \/><\/svg>Eduardo<svg class=\"icon-svg\" viewbox=\"0 0 62 58\"><use xlink:href=\"https:\/\/www.dccreditunion.coop\/wp-content\/themes\/dccu-theme\/images\/sprite-icons.svg?v=1773336553#star-small\" \/><\/svg><\/h2><a class=\"co-featStories--link\" href=\"https:\/\/www.dccreditunion.coop\/es\/historias-de-miembros\/la-historia-de-edwards\/\"  >Lea sobre el viaje de Edward <svg class=\"icon-svg\" viewbox=\"0 0 16 16\" aria-hidden=\"true\"><polyline points=\"6 2 12 8 6 14\" fill=\"none\" stroke=\"currentColor\" stroke-linecap=\"round\" stroke-linejoin=\"round\" stroke-width=\"2\"\/><\/svg><\/a>\t\t\t\t\t\t<\/div>\n\t\t\t\t\t\t<div class=\"co-featStories--media pcol-md:7\">\n\t\t\t\t\t\t\t<img loading=\"lazy\" decoding=\"async\" width=\"556\" height=\"360\" src=\"https:\/\/www.dccreditunion.coop\/files\/edward.jpg\" class=\"co-featStories--image\" alt=\"Historia de un miembro de Edward\" srcset=\"https:\/\/www.dccreditunion.coop\/files\/edward.jpg 556w, https:\/\/www.dccreditunion.coop\/files\/edward-540x350.jpg 540w, https:\/\/www.dccreditunion.coop\/files\/edward-18x12.jpg 18w, https:\/\/www.dccreditunion.coop\/files\/edward-396x256.jpg 396w, https:\/\/www.dccreditunion.coop\/files\/edward-75x49.jpg 75w\" sizes=\"auto, (max-width: 556px) 100vw, 556px\" \/>\t\t\t\t\t\t<\/div>\n\t\t\t\t\t\t\t\t\t\t\t\t\t<div class=\"co-featStories--quote pcol-md:12\">\n\t\t\t\t\t\t\t\t<div class=\"text-component\"><span class=\"co-quote\">&quot;<\/span><p>Ser parte de DC Credit Union me ha permitido tener una cuenta de ahorros. Hay que recordar que los bancos buscan ganar dinero, mientras que las cooperativas de cr\u00e9dito no. Su objetivo es ayudarte a ahorrar.<\/p>\n<span class=\"co-quote\">&quot;<\/span><\/div>\t\t\t\t\t\t\t<\/div>\n\t\t\t\t\t\t\t\t\t\t\t<\/div>\n\t\t\t\t<\/div>\n\t\t\t\t\t<\/div>\n\t\t\t<\/div>\n<\/div><\/div>\n\n<div class=\"co-flex_row co-flex_row__white co-flex_row__long-form-text\" ><div class=\"co-flex_row--row co-row\">\t<div class=\"co-long_form\">\n\t\t\t\t<header class=\"co-intro_text\">\n\t\t\t<h2 class=\"co-intro_text--title\">Una larga historia de preocupaci\u00f3n por nuestra comunidad.<\/h2>\t\t<\/header>\n\t\t\t\t\t<div class=\"co-long_form--block co-long_form--block__nomedia prow items-start justify-center flex-center\">\n\t\t\t\t<div class=\"co-long_form--text pcol-md:9\">\n\t\t\t\t\t<div class=\"co-long_form--content text-component\"><p>La Cooperativa de Cr\u00e9dito Federal para Empleados del Gobierno Distrital (DGEFCU) se fund\u00f3 en 1954 para atender las necesidades financieras de los empleados del Gobierno Distrital. Dado que muchos ten\u00edan dificultades para llegar a fin de mes y pocas opciones bancarias, los empleados del Distrito eran especialmente vulnerables al peligroso ciclo de pr\u00e9stamos de usureros. La cooperativa de cr\u00e9dito intervino para ofrecer servicios bancarios y pr\u00e9stamos muy necesarios a tasas razonables y con comisiones bajas.<\/p>\n<p>M\u00e1s de 60 a\u00f1os despu\u00e9s, somos la Cooperativa de Cr\u00e9dito del Distrito de Columbia. Seguimos sirviendo a los empleados del Gobierno del Distrito, as\u00ed como a las comunidades de Adams Morgan, Mount Pleasant y Columbia Heights, a los empleados de varias grandes empresas y a los miembros de diversas organizaciones. Haga clic aqu\u00ed para ver la lista de organizaciones elegibles.<\/p>\n<p>Adem\u00e1s, DC Credit Union abraza y celebra la diversidad de Washington, DC. Nos esforzamos por ser m\u00e1s inclusivos a trav\u00e9s de ACCESO, una innovadora sucursal comunitaria biling\u00fce que empodera a la poblaci\u00f3n inmigrante local y a una comunidad marginada.<\/p>\n<p>Estamos orgullosos de nuestra comunidad y de todos nuestros miembros, cada uno con su propia historia. Nuestra cooperativa de cr\u00e9dito se basa en esas historias de fortaleza y transformaci\u00f3n.<\/p>\n<\/div>\t\t\t\t<\/div>\n\t\t\t\t\t\t\t<\/div>\n\t\t\t\t<\/div>\n<\/div><\/div>\n\n<div class=\"co-flex_row co-flex_row__white co-flex_row__last co-flex_row__multi-path-cta\" ><div class=\"co-flex_row--row co-row\">\t<div class=\"co-mp_ctas\">\n\t\t\t\t<header class=\"co-intro_text\">\n\t\t\t<h2 class=\"co-intro_text--title\">\u00bfEst\u00e1 listo para unirse a DC Credit Union?<\/h2>\t\t<\/header>\n\t\t\t\t<div class=\"co-mp_ctas--list prow justify-center\">\n\t\t\t\t\t\t\t\t\t\t\t<div class=\"co-mp_cta pcol-lg:4\">\n\t\t\t\t\t<div class=\"co-mp_cta--title\">\n\t\t\t\t\t\tAplicar en l\u00ednea\t\t\t\t\t<\/div>\n\t\t\t\t\t<a class=\"co-mp_cta--link gtm-button\" href=\"https:\/\/www.dccreditunion.coop\/es\/speed-bump\/?url=https%3A%2F%2Floans.itsme247.com%2F192%2FHome%2FStart&#038;prev=https%3A%2F%2Fwww.dccreditunion.coop%2Fes%2Fquienes-somos%2Facerca-de-dc-credit-union%2F\" target=\"_blank\" >Comience su solicitud ahora &gt;&gt;<\/a>\t\t\t\t<\/div>\n\t\t\t\t\t\t\t\t\t\t\t<div class=\"co-mp_cta pcol-lg:4\">\n\t\t\t\t\t<div class=\"co-mp_cta--title\">\n\t\t\t\t\t\tPase por una sucursal local\t\t\t\t\t<\/div>\n\t\t\t\t\t<a class=\"co-mp_cta--link gtm-button\" href=\"https:\/\/www.dccreditunion.coop\/es\/sucursales-cajeros-automaticos\/\"  >Encuentra tu sucursal m\u00e1s cercana<\/a>\t\t\t\t<\/div>\n\t\t\t\t\t\t\t\t\t\t\t<div class=\"co-mp_cta pcol-lg:4\">\n\t\t\t\t\t<div class=\"co-mp_cta--title\">\n\t\t\t\t\t\tLl\u00e1manos\t\t\t\t\t<\/div>\n\t\t\t\t\t<a class=\"co-mp_cta--link gtm-button\" href=\"tel:7713332038\" target=\"_blank\" >771-333-2038<\/a>\t\t\t\t<\/div>\n\t\t\t\t\t<\/div>\n\t<\/div>\n<\/div><\/div>","protected":false},"excerpt":{"rendered":"","protected":false},"author":11,"featured_media":0,"parent":2510,"menu_order":0,"comment_status":"closed","ping_status":"closed","template":"","meta":{"_acf_changed":false,"_searchwp_excluded":"","footnotes":""},"class_list":["post-2512","page","type-page","status-publish","hentry"],"acf":[],"yoast_head":"<!-- This site is optimized with the Yoast SEO plugin v27.2 - https:\/\/yoast.com\/product\/yoast-seo-wordpress\/ -->\n<title>About DC Credit Union - DC Credit Union<\/title>\n<meta name=\"robots\" content=\"index, follow, max-snippet:-1, max-image-preview:large, max-video-preview:-1\" \/>\n<link rel=\"canonical\" href=\"https:\/\/www.dccreditunion.coop\/es\/quienes-somos\/acerca-de-dc-credit-union\/\" \/>\n<meta property=\"og:locale\" content=\"es_ES\" \/>\n<meta property=\"og:type\" content=\"article\" \/>\n<meta property=\"og:title\" content=\"About DC Credit Union - DC Credit Union\" \/>\n<meta property=\"og:url\" content=\"https:\/\/www.dccreditunion.coop\/es\/quienes-somos\/acerca-de-dc-credit-union\/\" \/>\n<meta property=\"og:site_name\" content=\"DC Credit Union\" \/>\n<meta property=\"article:modified_time\" content=\"2026-03-12T03:56:50+00:00\" \/>\n<meta name=\"twitter:card\" content=\"summary_large_image\" \/>\n<script type=\"application\/ld+json\" class=\"yoast-schema-graph\">{\"@context\":\"https:\/\/schema.org\",\"@graph\":[{\"@type\":\"WebPage\",\"@id\":\"https:\/\/www.dccreditunion.coop\/who-we-are\/about-dc-credit-union\/\",\"url\":\"https:\/\/www.dccreditunion.coop\/who-we-are\/about-dc-credit-union\/\",\"name\":\"About DC Credit Union - DC Credit Union\",\"isPartOf\":{\"@id\":\"https:\/\/www.dccreditunion.coop\/#website\"},\"datePublished\":\"2025-03-06T00:18:47+00:00\",\"dateModified\":\"2026-03-12T03:56:50+00:00\",\"breadcrumb\":{\"@id\":\"https:\/\/www.dccreditunion.coop\/who-we-are\/about-dc-credit-union\/#breadcrumb\"},\"inLanguage\":\"es-ES\",\"potentialAction\":[{\"@type\":\"ReadAction\",\"target\":[\"https:\/\/www.dccreditunion.coop\/who-we-are\/about-dc-credit-union\/\"]}]},{\"@type\":\"BreadcrumbList\",\"@id\":\"https:\/\/www.dccreditunion.coop\/who-we-are\/about-dc-credit-union\/#breadcrumb\",\"itemListElement\":[{\"@type\":\"ListItem\",\"position\":1,\"name\":\"Home\",\"item\":\"https:\/\/www.dccreditunion.coop\/\"},{\"@type\":\"ListItem\",\"position\":2,\"name\":\"Who We Are\",\"item\":\"https:\/\/www.dccreditunion.coop\/who-we-are\/\"},{\"@type\":\"ListItem\",\"position\":3,\"name\":\"About DC Credit Union\"}]},{\"@type\":\"WebSite\",\"@id\":\"https:\/\/www.dccreditunion.coop\/#website\",\"url\":\"https:\/\/www.dccreditunion.coop\/\",\"name\":\"DC Credit Union\",\"description\":\"We&#039;re DC&#039;s Credit Union\",\"potentialAction\":[{\"@type\":\"SearchAction\",\"target\":{\"@type\":\"EntryPoint\",\"urlTemplate\":\"https:\/\/www.dccreditunion.coop\/?s={search_term_string}\"},\"query-input\":{\"@type\":\"PropertyValueSpecification\",\"valueRequired\":true,\"valueName\":\"search_term_string\"}}],\"inLanguage\":\"es-ES\"}]}<\/script>\n<!-- \/ Yoast SEO plugin. -->","yoast_head_json":{"title":"Acerca de DC Credit Union - DC Credit Union","robots":{"index":"index","follow":"follow","max-snippet":"max-snippet:-1","max-image-preview":"max-image-preview:large","max-video-preview":"max-video-preview:-1"},"canonical":"https:\/\/www.dccreditunion.coop\/es\/quienes-somos\/acerca-de-dc-credit-union\/","og_locale":"es_ES","og_type":"article","og_title":"About DC Credit Union - DC Credit Union","og_url":"https:\/\/www.dccreditunion.coop\/es\/quienes-somos\/acerca-de-dc-credit-union\/","og_site_name":"DC Credit Union","article_modified_time":"2026-03-12T03:56:50+00:00","twitter_card":"summary_large_image","schema":{"@context":"https:\/\/schema.org","@graph":[{"@type":"WebPage","@id":"https:\/\/www.dccreditunion.coop\/who-we-are\/about-dc-credit-union\/","url":"https:\/\/www.dccreditunion.coop\/who-we-are\/about-dc-credit-union\/","name":"Acerca de DC Credit Union - DC Credit Union","isPartOf":{"@id":"https:\/\/www.dccreditunion.coop\/#website"},"datePublished":"2025-03-06T00:18:47+00:00","dateModified":"2026-03-12T03:56:50+00:00","breadcrumb":{"@id":"https:\/\/www.dccreditunion.coop\/who-we-are\/about-dc-credit-union\/#breadcrumb"},"inLanguage":"es-ES","potentialAction":[{"@type":"ReadAction","target":["https:\/\/www.dccreditunion.coop\/who-we-are\/about-dc-credit-union\/"]}]},{"@type":"BreadcrumbList","@id":"https:\/\/www.dccreditunion.coop\/who-we-are\/about-dc-credit-union\/#breadcrumb","itemListElement":[{"@type":"ListItem","position":1,"name":"Home","item":"https:\/\/www.dccreditunion.coop\/"},{"@type":"ListItem","position":2,"name":"Who We Are","item":"https:\/\/www.dccreditunion.coop\/who-we-are\/"},{"@type":"ListItem","position":3,"name":"About DC Credit Union"}]},{"@type":"WebSite","@id":"https:\/\/www.dccreditunion.coop\/#website","url":"https:\/\/www.dccreditunion.coop\/","name":"Cooperativa de cr\u00e9dito de DC","description":"Somos la cooperativa de cr\u00e9dito de DC","potentialAction":[{"@type":"SearchAction","target":{"@type":"EntryPoint","urlTemplate":"https:\/\/www.dccreditunion.coop\/?s={search_term_string}"},"query-input":{"@type":"PropertyValueSpecification","valueRequired":true,"valueName":"search_term_string"}}],"inLanguage":"es-ES"}]}},"_links":{"self":[{"href":"https:\/\/www.dccreditunion.coop\/es\/wp-json\/wp\/v2\/pages\/2512","targetHints":{"allow":["GET"]}}],"collection":[{"href":"https:\/\/www.dccreditunion.coop\/es\/wp-json\/wp\/v2\/pages"}],"about":[{"href":"https:\/\/www.dccreditunion.coop\/es\/wp-json\/wp\/v2\/types\/page"}],"author":[{"embeddable":true,"href":"https:\/\/www.dccreditunion.coop\/es\/wp-json\/wp\/v2\/users\/11"}],"replies":[{"embeddable":true,"href":"https:\/\/www.dccreditunion.coop\/es\/wp-json\/wp\/v2\/comments?post=2512"}],"version-history":[{"count":5,"href":"https:\/\/www.dccreditunion.coop\/es\/wp-json\/wp\/v2\/pages\/2512\/revisions"}],"predecessor-version":[{"id":3392,"href":"https:\/\/www.dccreditunion.coop\/es\/wp-json\/wp\/v2\/pages\/2512\/revisions\/3392"}],"up":[{"embeddable":true,"href":"https:\/\/www.dccreditunion.coop\/es\/wp-json\/wp\/v2\/pages\/2510"}],"wp:attachment":[{"href":"https:\/\/www.dccreditunion.coop\/es\/wp-json\/wp\/v2\/media?parent=2512"}],"curies":[{"name":"wp","href":"https:\/\/api.w.org\/{rel}","templated":true}]}}