{"id":1476,"date":"2020-02-14T15:19:17","date_gmt":"2020-02-14T22:19:17","guid":{"rendered":"https:\/\/psgutenberg.pixelspoke.com\/?page_id=1476"},"modified":"2025-08-22T15:12:07","modified_gmt":"2025-08-22T20:12:07","slug":"ayuda-para-miembros","status":"publish","type":"page","link":"https:\/\/www.dccreditunion.coop\/es\/ayuda-para-miembros\/","title":{"rendered":"Ayuda para miembros"},"content":{"rendered":"<div class=\"co-flex_row co-flex_row__white co-flex_row__long-form-text\" ><div class=\"co-flex_row--row co-row\">\t<div class=\"co-long_form\">\n\t\t\t\t<header class=\"co-intro_text\">\n\t\t\t<h2 class=\"co-intro_text--title\">Bienvenido a la Ayuda para miembros de DC Credit Union<\/h2>\t\t<\/header>\n\t\t\t\t\t<div class=\"co-long_form--block co-long_form--block__nomedia prow items-start justify-center flex-center\">\n\t\t\t\t<div class=\"co-long_form--text pcol-md:9\">\n\t\t\t\t\t\t\t\t\t<\/div>\n\t\t\t\t\t\t\t<\/div>\n\t\t\t\t<\/div>\n<\/div><\/div>\n\n<div class=\"co-flex_row co-flex_row__white co-flex_row__columns\" ><div class=\"co-flex_row--row co-row\">\t<div class=\"co-columns\">\n\t\t\t\t\t<div class=\"co-columns--row prow prow-md:2 prow-lg:2 co-columns--row__none justify-center\">\n\t\t\t\t\t\t\t\t\t<div class=\"co-columns--box\">\n\t\t\t\t\t\t<h2 class=\"co-columns--box_headline\" >Cuenta corriente y de ahorros<\/h2><div class=\"co-columns--box_desc text-component\"><ul>\n<li><a href=\"https:\/\/www.dccreditunion.coop\/es\/preguntas-frecuentes\/#checkingaccountsfaqs\">\u00bfC\u00f3mo puedo consultar el saldo de mi cuenta?<\/a><\/li>\n<li><a href=\"https:\/\/www.dccreditunion.coop\/es\/preguntas-frecuentes\/#checkingaccountsfaqs\">\u00bfC\u00f3mo puedo verificar el estado de una transferencia?<\/a><\/li>\n<li><a href=\"https:\/\/www.dccreditunion.coop\/es\/preguntas-frecuentes\/#fraudsecurityfaqs\">Perd\u00ed o me robaron mi tarjeta Visa Check. \u00bfC\u00f3mo puedo reportarlo y obtener una nueva?<\/a><\/li>\n<\/ul>\n<p>&nbsp;<\/p>\n<p><a href=\"https:\/\/www.dccreditunion.coop\/es\/preguntas-frecuentes\/#checkingsavingsfaqs\"><strong>Ver todo \u00bb<\/strong><\/a><\/p>\n<\/div><div class=\"co-columns--box_button\"><\/div>\t\t\t\t\t<\/div>\n\t\t\t\t\t\t\t\t\t<div class=\"co-columns--box\">\n\t\t\t\t\t\t<h2 class=\"co-columns--box_headline\" >Banca en l\u00ednea y m\u00f3vil<\/h2><div class=\"co-columns--box_desc text-component\"><ul>\n<li><a href=\"https:\/\/www.dccreditunion.coop\/es\/preguntas-frecuentes\/#onlinebankingfaqs\">Acabo de abrir mi cuenta. \u00bfC\u00f3mo empiezo a usar la Banca en L\u00ednea de It&#039;sMe247?<\/a><\/li>\n<li><a href=\"https:\/\/www.dccreditunion.coop\/es\/preguntas-frecuentes\/#onlinebankingfaqs\">\u00bfC\u00f3mo restablezco mi contrase\u00f1a de banca en l\u00ednea?<\/a><\/li>\n<li><a href=\"https:\/\/www.dccreditunion.coop\/es\/preguntas-frecuentes\/#onlinebankingfaqs\">\u00bfC\u00f3mo puedo empezar a utilizar Bill Pay?<\/a><\/li>\n<\/ul>\n<p>&nbsp;<\/p>\n<p><a href=\"https:\/\/www.dccreditunion.coop\/es\/preguntas-frecuentes\/#onlinemobilebankingfaqs\"><strong>Ver todo \u00bb<\/strong><\/a><\/p>\n<\/div><div class=\"co-columns--box_button\"><\/div>\t\t\t\t\t<\/div>\n\t\t\t\t\t\t\t\t\t<div class=\"co-columns--box\">\n\t\t\t\t\t\t<h2 class=\"co-columns--box_headline\" >Gesti\u00f3n de cuentas<\/h2><div class=\"co-columns--box_desc text-component\"><ul>\n<li><a href=\"https:\/\/www.dccreditunion.coop\/es\/preguntas-frecuentes\/#accountinformationfaqs\">Me mud\u00e9. \u00bfC\u00f3mo cambio mi direcci\u00f3n en la cooperativa de cr\u00e9dito?<\/a><\/li>\n<li><a href=\"https:\/\/www.dccreditunion.coop\/es\/preguntas-frecuentes\/#fraudsecurityfaqs\">\u00bfQu\u00e9 hago si creo que soy v\u00edctima de robo de identidad?<\/a><\/li>\n<\/ul>\n<p>&nbsp;<\/p>\n<p><a href=\"https:\/\/www.dccreditunion.coop\/es\/preguntas-frecuentes\/#accountmanagementfaqs\"><strong>Ver todo \u00bb<\/strong><\/a><\/p>\n<\/div><div class=\"co-columns--box_button\"><\/div>\t\t\t\t\t<\/div>\n\t\t\t\t\t\t\t\t\t<div class=\"co-columns--box\">\n\t\t\t\t\t\t<h2 class=\"co-columns--box_headline\" >Pr\u00e9stamos y tarjetas de cr\u00e9dito<\/h2><div class=\"co-columns--box_desc text-component\"><ul>\n<li><a href=\"https:\/\/www.dccreditunion.coop\/es\/preguntas-frecuentes\/#autoloansfaqs\">\u00bfCu\u00e1nto tiempo tardar\u00e1 la solicitud de hipoteca online?<\/a><\/li>\n<li><a href=\"https:\/\/www.dccreditunion.coop\/es\/preguntas-frecuentes\/#paymentsinterestfaqs\">\u00bfCuales son sus tasas de inter\u00e9s?<\/a><\/li>\n<li><a href=\"https:\/\/www.dccreditunion.coop\/es\/preguntas-frecuentes\/#creditcardsfaqs\">\u00bfC\u00f3mo transfiero los saldos de mi tarjeta de cr\u00e9dito existente a mi nueva tarjeta de cr\u00e9dito de DC Credit Union?<\/a><\/li>\n<\/ul>\n<p>&nbsp;<\/p>\n<p><a href=\"https:\/\/www.dccreditunion.coop\/es\/preguntas-frecuentes\/#loansccfaqs\"><strong>Ver todo \u00bb<\/strong><\/a><\/p>\n<\/div><div class=\"co-columns--box_button\"><\/div>\t\t\t\t\t<\/div>\n\t\t\t\t\t\t\t<\/div>\n\t\t\t\t<\/div>\n<\/div><\/div>\n\n<div class=\"co-flex_row co-flex_row__white co-flex_row__last co-flex_row__multi-path-cta\" ><div class=\"co-flex_row--row co-row\">\t<div class=\"co-mp_ctas\">\n\t\t\t\t<header class=\"co-intro_text\">\n\t\t\t<h2 class=\"co-intro_text--title\">Comun\u00edquese con DC Credit Union<\/h2>\t\t<\/header>\n\t\t\t\t<div class=\"co-mp_ctas--list prow justify-center\">\n\t\t\t\t\t\t\t\t\t\t\t<div class=\"co-mp_cta pcol-lg:4\">\n\t\t\t\t\t<div class=\"co-mp_cta--title\">\n\t\t\t\t\t\tPase por una sucursal local\t\t\t\t\t<\/div>\n\t\t\t\t\t<a class=\"co-mp_cta--link gtm-button\" href=\"https:\/\/www.dccreditunion.coop\/es\/sucursales-cajeros-automaticos\/\"  >Encuentra tu sucursal m\u00e1s cercana<\/a>\t\t\t\t<\/div>\n\t\t\t\t\t\t\t\t\t\t\t<div class=\"co-mp_cta pcol-lg:4\">\n\t\t\t\t\t<div class=\"co-mp_cta--title\">\n\t\t\t\t\t\tEnv\u00edenos un correo electr\u00f3nico\t\t\t\t\t<\/div>\n\t\t\t\t\t<a class=\"co-mp_cta--link gtm-button\" href=\"https:\/\/www.dccreditunion.coop\/es\/contacto\/\"  >Env\u00edenos un correo electr\u00f3nico<\/a>\t\t\t\t<\/div>\n\t\t\t\t\t\t\t\t\t\t\t<div class=\"co-mp_cta pcol-lg:4\">\n\t\t\t\t\t<div class=\"co-mp_cta--title\">\n\t\t\t\t\t\tLl\u00e1manos\t\t\t\t\t<\/div>\n\t\t\t\t\t<a class=\"co-mp_cta--link gtm-button\" href=\"tel:7713332038\" target=\"_blank\" >771-333-2038<\/a>\t\t\t\t<\/div>\n\t\t\t\t\t<\/div>\n\t<\/div>\n<\/div><\/div>","protected":false},"excerpt":{"rendered":"","protected":false},"author":11,"featured_media":0,"parent":0,"menu_order":0,"comment_status":"closed","ping_status":"closed","template":"feature-assistance\/tpl-assistance.php","meta":{"_acf_changed":false,"_searchwp_excluded":"","footnotes":""},"class_list":["post-1476","page","type-page","status-publish","hentry"],"acf":[],"yoast_head":"<!-- This site is optimized with the Yoast SEO plugin v27.2 - https:\/\/yoast.com\/product\/yoast-seo-wordpress\/ -->\n<title>Member Help - DC Credit Union<\/title>\n<meta name=\"robots\" content=\"index, follow, max-snippet:-1, max-image-preview:large, max-video-preview:-1\" \/>\n<link rel=\"canonical\" href=\"https:\/\/www.dccreditunion.coop\/es\/ayuda-para-miembros\/\" \/>\n<meta property=\"og:locale\" content=\"es_ES\" \/>\n<meta property=\"og:type\" content=\"article\" \/>\n<meta property=\"og:title\" content=\"Member Help - DC Credit Union\" \/>\n<meta property=\"og:url\" content=\"https:\/\/www.dccreditunion.coop\/es\/ayuda-para-miembros\/\" \/>\n<meta property=\"og:site_name\" content=\"DC Credit Union\" \/>\n<meta property=\"article:modified_time\" content=\"2025-08-22T20:12:07+00:00\" \/>\n<meta name=\"twitter:card\" content=\"summary_large_image\" \/>\n<script type=\"application\/ld+json\" class=\"yoast-schema-graph\">{\"@context\":\"https:\/\/schema.org\",\"@graph\":[{\"@type\":\"WebPage\",\"@id\":\"https:\/\/www.dccreditunion.coop\/member-help\/\",\"url\":\"https:\/\/www.dccreditunion.coop\/member-help\/\",\"name\":\"Member Help - DC Credit Union\",\"isPartOf\":{\"@id\":\"https:\/\/www.dccreditunion.coop\/#website\"},\"datePublished\":\"2020-02-14T22:19:17+00:00\",\"dateModified\":\"2025-08-22T20:12:07+00:00\",\"breadcrumb\":{\"@id\":\"https:\/\/www.dccreditunion.coop\/member-help\/#breadcrumb\"},\"inLanguage\":\"es-ES\",\"potentialAction\":[{\"@type\":\"ReadAction\",\"target\":[\"https:\/\/www.dccreditunion.coop\/member-help\/\"]}]},{\"@type\":\"BreadcrumbList\",\"@id\":\"https:\/\/www.dccreditunion.coop\/member-help\/#breadcrumb\",\"itemListElement\":[{\"@type\":\"ListItem\",\"position\":1,\"name\":\"Home\",\"item\":\"https:\/\/www.dccreditunion.coop\/\"},{\"@type\":\"ListItem\",\"position\":2,\"name\":\"Member Help\"}]},{\"@type\":\"WebSite\",\"@id\":\"https:\/\/www.dccreditunion.coop\/#website\",\"url\":\"https:\/\/www.dccreditunion.coop\/\",\"name\":\"DC Credit Union\",\"description\":\"We&#039;re DC&#039;s Credit Union\",\"potentialAction\":[{\"@type\":\"SearchAction\",\"target\":{\"@type\":\"EntryPoint\",\"urlTemplate\":\"https:\/\/www.dccreditunion.coop\/?s={search_term_string}\"},\"query-input\":{\"@type\":\"PropertyValueSpecification\",\"valueRequired\":true,\"valueName\":\"search_term_string\"}}],\"inLanguage\":\"es-ES\"}]}<\/script>\n<!-- \/ Yoast SEO plugin. -->","yoast_head_json":{"title":"Ayuda para miembros - DC Credit Union","robots":{"index":"index","follow":"follow","max-snippet":"max-snippet:-1","max-image-preview":"max-image-preview:large","max-video-preview":"max-video-preview:-1"},"canonical":"https:\/\/www.dccreditunion.coop\/es\/ayuda-para-miembros\/","og_locale":"es_ES","og_type":"article","og_title":"Member Help - DC Credit Union","og_url":"https:\/\/www.dccreditunion.coop\/es\/ayuda-para-miembros\/","og_site_name":"DC Credit Union","article_modified_time":"2025-08-22T20:12:07+00:00","twitter_card":"summary_large_image","schema":{"@context":"https:\/\/schema.org","@graph":[{"@type":"WebPage","@id":"https:\/\/www.dccreditunion.coop\/member-help\/","url":"https:\/\/www.dccreditunion.coop\/member-help\/","name":"Ayuda para miembros - DC Credit Union","isPartOf":{"@id":"https:\/\/www.dccreditunion.coop\/#website"},"datePublished":"2020-02-14T22:19:17+00:00","dateModified":"2025-08-22T20:12:07+00:00","breadcrumb":{"@id":"https:\/\/www.dccreditunion.coop\/member-help\/#breadcrumb"},"inLanguage":"es-ES","potentialAction":[{"@type":"ReadAction","target":["https:\/\/www.dccreditunion.coop\/member-help\/"]}]},{"@type":"BreadcrumbList","@id":"https:\/\/www.dccreditunion.coop\/member-help\/#breadcrumb","itemListElement":[{"@type":"ListItem","position":1,"name":"Home","item":"https:\/\/www.dccreditunion.coop\/"},{"@type":"ListItem","position":2,"name":"Member Help"}]},{"@type":"WebSite","@id":"https:\/\/www.dccreditunion.coop\/#website","url":"https:\/\/www.dccreditunion.coop\/","name":"Cooperativa de cr\u00e9dito de DC","description":"Somos la cooperativa de cr\u00e9dito de DC","potentialAction":[{"@type":"SearchAction","target":{"@type":"EntryPoint","urlTemplate":"https:\/\/www.dccreditunion.coop\/?s={search_term_string}"},"query-input":{"@type":"PropertyValueSpecification","valueRequired":true,"valueName":"search_term_string"}}],"inLanguage":"es-ES"}]}},"_links":{"self":[{"href":"https:\/\/www.dccreditunion.coop\/es\/wp-json\/wp\/v2\/pages\/1476","targetHints":{"allow":["GET"]}}],"collection":[{"href":"https:\/\/www.dccreditunion.coop\/es\/wp-json\/wp\/v2\/pages"}],"about":[{"href":"https:\/\/www.dccreditunion.coop\/es\/wp-json\/wp\/v2\/types\/page"}],"author":[{"embeddable":true,"href":"https:\/\/www.dccreditunion.coop\/es\/wp-json\/wp\/v2\/users\/11"}],"replies":[{"embeddable":true,"href":"https:\/\/www.dccreditunion.coop\/es\/wp-json\/wp\/v2\/comments?post=1476"}],"version-history":[{"count":13,"href":"https:\/\/www.dccreditunion.coop\/es\/wp-json\/wp\/v2\/pages\/1476\/revisions"}],"predecessor-version":[{"id":3146,"href":"https:\/\/www.dccreditunion.coop\/es\/wp-json\/wp\/v2\/pages\/1476\/revisions\/3146"}],"wp:attachment":[{"href":"https:\/\/www.dccreditunion.coop\/es\/wp-json\/wp\/v2\/media?parent=1476"}],"curies":[{"name":"wp","href":"https:\/\/api.w.org\/{rel}","templated":true}]}}